{"id":978,"date":"2020-04-19T17:09:26","date_gmt":"2020-04-19T15:09:26","guid":{"rendered":"http:\/\/marinesconseil.fr\/?page_id=978"},"modified":"2020-04-19T17:34:37","modified_gmt":"2020-04-19T15:34:37","slug":"que-faire-en-cas-de-sinistre","status":"publish","type":"page","link":"https:\/\/marinesconseil.fr\/?page_id=978","title":{"rendered":"Que faire en cas de sinistre?"},"content":{"rendered":"<p><img loading=\"lazy\" decoding=\"async\" class=\"wp-image-985 alignnone\" src=\"http:\/\/marinesconseil.fr\/wp-content\/uploads\/2020\/04\/bouee-sauvetage-880-400-300x136.jpg\" alt=\"\" width=\"304\" height=\"138\" srcset=\"https:\/\/marinesconseil.fr\/wp-content\/uploads\/2020\/04\/bouee-sauvetage-880-400-300x136.jpg 300w, https:\/\/marinesconseil.fr\/wp-content\/uploads\/2020\/04\/bouee-sauvetage-880-400-768x349.jpg 768w, https:\/\/marinesconseil.fr\/wp-content\/uploads\/2020\/04\/bouee-sauvetage-880-400-600x273.jpg 600w, https:\/\/marinesconseil.fr\/wp-content\/uploads\/2020\/04\/bouee-sauvetage-880-400.jpg 880w\" sizes=\"auto, (max-width: 304px) 100vw, 304px\" \/><\/p>\n<p><strong>D\u00e9claration de sinistre :<\/strong><br \/>\nApr\u00e8s avoir constat\u00e9 un sinistre, par exemple, un vol, un d\u00e9g\u00e2t des eaux\u00a0 ou un incendie, vous devez pr\u00e9venir votre assurance. Le contrat\u00a0 d\u2019assurance doit pr\u00e9voir la proc\u00e9dure \u00e0 suivre pour le d\u00e9clarer et faire\u00a0 jouer les garanties qui vous couvrent.<\/p>\n<p style=\"text-align: justify;\">Pr\u00e9parez pour l\u2019assurance ou son expert toutes les pi\u00e8ces qui peuvent\u00a0 permettre d\u2019\u00e9valuer le pr\u00e9judice que vous avez subi, comme par exemple,\u00a0 les factures d\u2019achat des biens endommag\u00e9s, les bons de garanties ou des\u00a0 photos de ces biens.<\/p>\n<p>&nbsp;<\/p>\n<p style=\"text-align: justify;\"><strong>\u00c0 qui s\u2019adresser ?<\/strong><br \/>\nVous devez vous adresser \u00e0 votre compagnie d\u2019assurance ou au courtier d\u2019assurance qui g\u00e8re vos contrats.<br \/>\nLeurs coordonn\u00e9es sont rappel\u00e9es sur les quittances ou dans le contrat.<br \/>\nAttention : si vous avez \u00e9t\u00e9 victime d\u2019un vol ou d\u2019un cambriolage, vous\u00a0 devez pr\u00e9venir auparavant le commissariat ou la gendarmerie.<\/p>\n<p style=\"text-align: justify;\"><strong>Comment faire la d\u00e9claration ?<\/strong><br \/>\nLa d\u00e9claration peut se faire selon les cas par t\u00e9l\u00e9phone ou en vous rendant directement \u00e0 l\u2019agence de l\u2019assureur.<br \/>\nCependant, il est pr\u00e9f\u00e9rable d\u2019adresser une d\u00e9claration par courrier, de\u00a0 pr\u00e9f\u00e9rence par lettre recommand\u00e9e avec accus\u00e9 de r\u00e9ception, au si\u00e8ge de\u00a0 votre soci\u00e9t\u00e9 d\u2019assurances et \u00e9ventuellement une copie de ce courrier \u00e0\u00a0 votre agent d\u2019assurances ou votre courtier.<\/p>\n<p style=\"text-align: justify;\"><strong>Que mettre dans la d\u00e9claration ?<\/strong><\/p>\n<p>Indiquez notamment dans ce courrier :<\/p>\n<ul>\n<li>vos coordonn\u00e9es (nom, adresse),<\/li>\n<li>le num\u00e9ro de votre contrat d\u2019assurance,<\/li>\n<li>une description du sinistre (nature, date, heure, lieu),<\/li>\n<li>un \u00e9tat estimatif des meubles et objets d\u00e9truits ou d\u00e9t\u00e9rior\u00e9s,<\/li>\n<li>une description des dommages (mat\u00e9riels ou corporels, importance),<\/li>\n<li>les d\u00e9g\u00e2ts caus\u00e9s \u00e0 des tiers (par exemple si une fuite d\u2019eau chez vous \u00e0 occasionn\u00e9 des d\u00e9g\u00e2ts chez vos voisins),<\/li>\n<li>les coordonn\u00e9es des victimes s\u2019il y en a.<\/li>\n<\/ul>\n<p style=\"text-align: justify;\"><strong><u>Comment \u00e9valuer le montant des dommages ?<\/u><\/strong><br \/>\nPour \u00e9valuer les dommages que vous avez subi :<\/p>\n<ul>\n<li style=\"text-align: justify;\">ne jetez aucun objet endommag\u00e9, d\u00e9tremp\u00e9 ou br\u00fbl\u00e9,<\/li>\n<li style=\"text-align: justify;\">rassemblez ce qui peut justifier l\u2019existence et la valeur des biens ab\u00eem\u00e9s: factures, bons de garantie.<\/li>\n<\/ul>\n<p>\u00c0 noter : il est possible de stocker des copies \u00e9lectroniques de vos\u00a0 justificatifs (factures, certificat de garantie\u2026) dans un coffre-fort\u00a0 \u00e9lectronique, qui peut vous permettre de r\u00e9cup\u00e9rer ces pi\u00e8ces m\u00eame si\u00a0 les originaux ont \u00e9t\u00e9 d\u00e9truits<\/p>\n","protected":false},"excerpt":{"rendered":"<p>D\u00e9claration de sinistre : Apr\u00e8s avoir constat\u00e9 un sinistre, par exemple, un vol, un d\u00e9g\u00e2t des eaux\u00a0 ou un incendie, vous devez pr\u00e9venir votre assurance. Le contrat\u00a0 d\u2019assurance doit pr\u00e9voir la proc\u00e9dure \u00e0 suivre pour le d\u00e9clarer et faire\u00a0 jouer les garanties qui vous couvrent. Pr\u00e9parez pour l\u2019assurance ou son expert toutes les pi\u00e8ces qui [&hellip;]<\/p>\n","protected":false},"author":1,"featured_media":0,"parent":0,"menu_order":0,"comment_status":"closed","ping_status":"closed","template":"","meta":{"footnotes":""},"class_list":["post-978","page","type-page","status-publish","hentry"],"_links":{"self":[{"href":"https:\/\/marinesconseil.fr\/index.php?rest_route=\/wp\/v2\/pages\/978","targetHints":{"allow":["GET"]}}],"collection":[{"href":"https:\/\/marinesconseil.fr\/index.php?rest_route=\/wp\/v2\/pages"}],"about":[{"href":"https:\/\/marinesconseil.fr\/index.php?rest_route=\/wp\/v2\/types\/page"}],"author":[{"embeddable":true,"href":"https:\/\/marinesconseil.fr\/index.php?rest_route=\/wp\/v2\/users\/1"}],"replies":[{"embeddable":true,"href":"https:\/\/marinesconseil.fr\/index.php?rest_route=%2Fwp%2Fv2%2Fcomments&post=978"}],"version-history":[{"count":10,"href":"https:\/\/marinesconseil.fr\/index.php?rest_route=\/wp\/v2\/pages\/978\/revisions"}],"predecessor-version":[{"id":996,"href":"https:\/\/marinesconseil.fr\/index.php?rest_route=\/wp\/v2\/pages\/978\/revisions\/996"}],"wp:attachment":[{"href":"https:\/\/marinesconseil.fr\/index.php?rest_route=%2Fwp%2Fv2%2Fmedia&parent=978"}],"curies":[{"name":"wp","href":"https:\/\/api.w.org\/{rel}","templated":true}]}}