{"id":549,"date":"2020-04-13T16:41:39","date_gmt":"2020-04-13T14:41:39","guid":{"rendered":"http:\/\/marinesconseil.fr\/?page_id=549"},"modified":"2020-05-01T12:38:00","modified_gmt":"2020-05-01T10:38:00","slug":"ingenierie-de-formation","status":"publish","type":"page","link":"https:\/\/marinesconseil.fr\/?page_id=549","title":{"rendered":"Ing\u00e9nierie de formation"},"content":{"rendered":"<h5 style=\"text-align: justify;\"><img loading=\"lazy\" decoding=\"async\" class=\" wp-image-552 alignleft\" src=\"http:\/\/marinesconseil.fr\/wp-content\/uploads\/2020\/04\/FI1-300x200.jpg\" alt=\"\" width=\"256\" height=\"170\" srcset=\"https:\/\/marinesconseil.fr\/wp-content\/uploads\/2020\/04\/FI1-300x200.jpg 300w, https:\/\/marinesconseil.fr\/wp-content\/uploads\/2020\/04\/FI1.jpg 475w\" sizes=\"auto, (max-width: 256px) 100vw, 256px\" \/>Vous devez\u00a0 former les marins de votre client \u00e0 la mise en \u0153uvre en s\u00e9curit\u00e9 et op\u00e9rationnelle de votre produit.<\/h5>\n<h6 style=\"text-align: justify;\">Cette formation contractuelle doit \u00eatre structur\u00e9e et r\u00e9pondre \u00e0 des attendus p\u00e9dagogiques et documentaires.<\/h6>\n<p>&nbsp;<\/p>\n<p style=\"text-align: justify;\"><strong><em>Marines Conseil<\/em><\/strong>, en \u00e9tablissant un dialogue avec vos sp\u00e9cialistes produit, vous accompagne pour r\u00e9aliser les documents d&rsquo;ing\u00e9nierie de formation.<\/p>\n<p style=\"text-align: justify;\">Ces supports construits \u00e9galement en relation avec le client permettent d&rsquo;analyser finement ses besoins de formation, de formaliser les objectifs p\u00e9dagogiques, d\u2019\u00e9tablir le programme d\u00e9taill\u00e9 de l&rsquo;enseignement, ainsi que le contrat de formation.<em><strong><img loading=\"lazy\" decoding=\"async\" class=\"wp-image-807 aligncenter\" src=\"http:\/\/marinesconseil.fr\/wp-content\/uploads\/2020\/04\/image-blanche-300x184.png\" alt=\"\" width=\"64\" height=\"39\" srcset=\"https:\/\/marinesconseil.fr\/wp-content\/uploads\/2020\/04\/image-blanche-300x184.png 300w, https:\/\/marinesconseil.fr\/wp-content\/uploads\/2020\/04\/image-blanche.png 315w\" sizes=\"auto, (max-width: 64px) 100vw, 64px\" \/><\/strong><\/em><\/p>\n<p style=\"text-align: justify;\"><img loading=\"lazy\" decoding=\"async\" class=\" wp-image-553 alignright\" src=\"http:\/\/marinesconseil.fr\/wp-content\/uploads\/2020\/04\/ingenierie-de-formation-300x136.png\" alt=\"\" width=\"406\" height=\"184\" srcset=\"https:\/\/marinesconseil.fr\/wp-content\/uploads\/2020\/04\/ingenierie-de-formation-300x136.png 300w, https:\/\/marinesconseil.fr\/wp-content\/uploads\/2020\/04\/ingenierie-de-formation-600x272.png 600w, https:\/\/marinesconseil.fr\/wp-content\/uploads\/2020\/04\/ingenierie-de-formation.png 610w\" sizes=\"auto, (max-width: 406px) 100vw, 406px\" \/><\/p>\n<p style=\"text-align: justify;\"><em><strong>Marines Conseil<\/strong><\/em> offre \u00e9galement son exp\u00e9rience pour b\u00e2tir\u00a0 le programme de formation (hebdomadaire et\/ou quotidien) \u00e0 quai et \u00e0 la mer. Il permettra aux stagiaires d\u2019acqu\u00e9rir de fa\u00e7on progressive l&rsquo;ensemble des savoirs faire et comp\u00e9tences n\u00e9cessaires \u00e0 la conduite du produit.<\/p>\n<p style=\"text-align: justify;\">Enfin, <em><strong>Marines Conseil <\/strong><\/em>propose de mettre en place une m\u00e9thode d&rsquo;\u00e9valuation adapt\u00e9e \u00e0\u00a0 la demande du client, n\u00e9cessaire pour mesurer le niveau de maitrise du produit par les stagiaires, ainsi que la qualit\u00e9 de notre formation.<\/p>\n","protected":false},"excerpt":{"rendered":"<p>Vous devez\u00a0 former les marins de votre client \u00e0 la mise en \u0153uvre en s\u00e9curit\u00e9 et op\u00e9rationnelle de votre produit. Cette formation contractuelle doit \u00eatre structur\u00e9e et r\u00e9pondre \u00e0 des attendus p\u00e9dagogiques et documentaires. &nbsp; Marines Conseil, en \u00e9tablissant un dialogue avec vos sp\u00e9cialistes produit, vous accompagne pour r\u00e9aliser les documents d&rsquo;ing\u00e9nierie de formation. Ces [&hellip;]<\/p>\n","protected":false},"author":1,"featured_media":0,"parent":0,"menu_order":0,"comment_status":"closed","ping_status":"closed","template":"","meta":{"footnotes":""},"class_list":["post-549","page","type-page","status-publish","hentry"],"_links":{"self":[{"href":"https:\/\/marinesconseil.fr\/index.php?rest_route=\/wp\/v2\/pages\/549","targetHints":{"allow":["GET"]}}],"collection":[{"href":"https:\/\/marinesconseil.fr\/index.php?rest_route=\/wp\/v2\/pages"}],"about":[{"href":"https:\/\/marinesconseil.fr\/index.php?rest_route=\/wp\/v2\/types\/page"}],"author":[{"embeddable":true,"href":"https:\/\/marinesconseil.fr\/index.php?rest_route=\/wp\/v2\/users\/1"}],"replies":[{"embeddable":true,"href":"https:\/\/marinesconseil.fr\/index.php?rest_route=%2Fwp%2Fv2%2Fcomments&post=549"}],"version-history":[{"count":20,"href":"https:\/\/marinesconseil.fr\/index.php?rest_route=\/wp\/v2\/pages\/549\/revisions"}],"predecessor-version":[{"id":1556,"href":"https:\/\/marinesconseil.fr\/index.php?rest_route=\/wp\/v2\/pages\/549\/revisions\/1556"}],"wp:attachment":[{"href":"https:\/\/marinesconseil.fr\/index.php?rest_route=%2Fwp%2Fv2%2Fmedia&parent=549"}],"curies":[{"name":"wp","href":"https:\/\/api.w.org\/{rel}","templated":true}]}}