{"id":410,"date":"2019-11-18T20:57:06","date_gmt":"2019-11-18T19:57:06","guid":{"rendered":"http:\/\/marinesconseil.fr\/?page_id=410"},"modified":"2021-01-03T11:54:03","modified_gmt":"2021-01-03T10:54:03","slug":"surete-maritime","status":"publish","type":"page","link":"https:\/\/marinesconseil.fr\/?page_id=410","title":{"rendered":"S\u00fbret\u00e9 maritime"},"content":{"rendered":"<h5><em><img loading=\"lazy\" decoding=\"async\" class=\"size-full wp-image-1942 alignleft\" src=\"http:\/\/marinesconseil.fr\/wp-content\/uploads\/2020\/05\/isps2.jpeg\" alt=\"\" width=\"281\" height=\"179\" \/>Marine Conseil<\/em> offre ses services de conseil aux port maritimes et fluviaux, ainsi qu&rsquo;aux compagnies maritimes, pour d\u00e9velopper leur dispositif et leur niveau de protection dans le cadre de l&rsquo;application des mesures ISPS.<\/h5>\n<h5><img loading=\"lazy\" decoding=\"async\" class=\"alignnone wp-image-807\" src=\"http:\/\/marinesconseil.fr\/wp-content\/uploads\/2020\/04\/image-blanche-300x184.png\" alt=\"\" width=\"78\" height=\"48\" srcset=\"https:\/\/marinesconseil.fr\/wp-content\/uploads\/2020\/04\/image-blanche-300x184.png 300w, https:\/\/marinesconseil.fr\/wp-content\/uploads\/2020\/04\/image-blanche.png 315w\" sizes=\"auto, (max-width: 78px) 100vw, 78px\" \/><\/h5>\n<h6><\/h6>\n<h6 style=\"text-align: justify;\">Nous conseillons les Agents de Suret\u00e9 de la Compagnie (ASC-CSO) et Agents Suret\u00e9 d&rsquo;Installation Portuaire\u00a0 (ASIP-PFSO), pour mettre en place ou faire \u00e9voluer, les Plans de Suret\u00e9\u00a0 des\u00a0 Navires ou Portuaires (PSN-PSP)<\/h6>\n<p style=\"text-align: justify;\"><strong><em><img loading=\"lazy\" decoding=\"async\" class=\"alignright wp-image-1948\" src=\"http:\/\/marinesconseil.fr\/wp-content\/uploads\/2020\/05\/isps-300x200.jpg\" alt=\"\" width=\"330\" height=\"220\" srcset=\"https:\/\/marinesconseil.fr\/wp-content\/uploads\/2020\/05\/isps-300x200.jpg 300w, https:\/\/marinesconseil.fr\/wp-content\/uploads\/2020\/05\/isps.jpg 510w\" sizes=\"auto, (max-width: 330px) 100vw, 330px\" \/> Marines conseil<\/em><\/strong>, met \u00e0 votre disposition sa connaissance de la lutte contre les menaces dans l&rsquo;environnement maritime et portuaire. Cette comp\u00e9tence, transf\u00e9r\u00e9e \u00e0 l&rsquo;organisation ISPS, participera \u00e0\u00a0 \u00e9laborer ou r\u00e9viser votre plan de suret\u00e9.<\/p>\n<p style=\"text-align: justify;\">En particulier, nous partageons notre exp\u00e9rience de la lutte, \u00e0 la mer comme \u00e0 quai, contre les engins explosifs, qu&rsquo;ils soient improvis\u00e9s (IED &#8211; colis pi\u00e9g\u00e9) ou conventionnels (grenade, roquette&#8230;tir\u00e9es et non explos\u00e9es).\u00a0 Nous fournissons, notamment,\u00a0 nos conseils pour la recherche, \u00e0 bord, l&rsquo;identification et la prise de mesures conservatoires adapt\u00e9es au type d&rsquo;engin explosif d\u00e9couvert, en anticipant, pour une meilleure r\u00e9activit\u00e9, l&rsquo;action des services sp\u00e9cialis\u00e9s.<\/p>\n<h5 style=\"text-align: justify;\"><img loading=\"lazy\" decoding=\"async\" class=\"wp-image-807 alignright\" src=\"http:\/\/marinesconseil.fr\/wp-content\/uploads\/2020\/04\/image-blanche-300x184.png\" alt=\"\" width=\"21\" height=\"13\" srcset=\"https:\/\/marinesconseil.fr\/wp-content\/uploads\/2020\/04\/image-blanche-300x184.png 300w, https:\/\/marinesconseil.fr\/wp-content\/uploads\/2020\/04\/image-blanche.png 315w\" sizes=\"auto, (max-width: 21px) 100vw, 21px\" \/><\/h5>\n<p style=\"text-align: justify;\">Des conf\u00e9rences de sensibilisation et des s\u00e9ances pratiques sur certains aspects de cette lutte peuvent \u00eatre r\u00e9alis\u00e9es.<\/p>\n<h6 style=\"text-align: justify;\">Nous vous accompagnons pour organiser et animer, les entrainements et les exercices de suret\u00e9 maritime et portuaire, aux niveaux ISPS 1 et 2<\/h6>\n<p style=\"text-align: justify;\"><strong><em><img loading=\"lazy\" decoding=\"async\" class=\"alignleft wp-image-1949\" src=\"http:\/\/marinesconseil.fr\/wp-content\/uploads\/2020\/05\/isps3-300x200.jpg\" alt=\"\" width=\"330\" height=\"220\" srcset=\"https:\/\/marinesconseil.fr\/wp-content\/uploads\/2020\/05\/isps3-300x200.jpg 300w, https:\/\/marinesconseil.fr\/wp-content\/uploads\/2020\/05\/isps3-768x512.jpg 768w, https:\/\/marinesconseil.fr\/wp-content\/uploads\/2020\/05\/isps3-600x400.jpg 600w, https:\/\/marinesconseil.fr\/wp-content\/uploads\/2020\/05\/isps3.jpg 960w\" sizes=\"auto, (max-width: 330px) 100vw, 330px\" \/><\/em><\/strong>Nous proposons de vous conseiller, voire de piloter, l&rsquo;organisation et l&rsquo;animation des exercices de suret\u00e9 portuaire ou \u00e0 bord des navires.<\/p>\n<p style=\"text-align: justify;\">Notre participation, adoss\u00e9e \u00e0 une\u00a0 forte exp\u00e9rience de ce type d&rsquo;activit\u00e9, adapt\u00e9e pour l&rsquo;occasion \u00e0 votre r\u00e9alit\u00e9 (port maritime ou fluvial, navire de commerce&#8230;), vous permet de r\u00e9aliser des exercices dynamiques, r\u00e9alistes et p\u00e9dagogiques, anim\u00e9s par des scenarii au plus pr\u00e8s de la menace actuelle.<\/p>\n<p style=\"text-align: justify;\">Ces exercices sont syst\u00e9matiquement suivi d&rsquo;un debriefing \u00ab\u00a0\u00e0 chaud\u00a0\u00bb destin\u00e9 \u00e0 l&rsquo;ensemble des participants, afin de capitaliser, dans l&rsquo;action, les premi\u00e8res \u00ab\u00a0lessons learned\u00a0\u00bb.<\/p>\n<p style=\"text-align: justify;\"><strong>Compte rendu d&rsquo;exercice<\/strong><\/p>\n<p style=\"text-align: justify;\">Un compte rendu d&rsquo;exercice d\u00e9taill\u00e9 vous sera remis. Ce compte rendu, \u00e9labor\u00e9 de mani\u00e8re ind\u00e9pendante, vis \u00e0 vis des acteurs de la formation en suret\u00e9 maritime, d\u00e9taille le d\u00e9roulement de l&rsquo;exercice et en extrait le retour d&rsquo;exp\u00e9rience. Il prend la forme de suggestions concernant, par exemple, des \u00e9volutions du plan de suret\u00e9 ou des formations compl\u00e9mentaires \u00e0 envisager aupr\u00e8s d&rsquo;un organisme certifi\u00e9.<\/p>\n","protected":false},"excerpt":{"rendered":"<p>Marine Conseil offre ses services de conseil aux port maritimes et fluviaux, ainsi qu&rsquo;aux compagnies maritimes, pour d\u00e9velopper leur dispositif et leur niveau de protection dans le cadre de l&rsquo;application des mesures ISPS. Nous conseillons les Agents de Suret\u00e9 de la Compagnie (ASC-CSO) et Agents Suret\u00e9 d&rsquo;Installation Portuaire\u00a0 (ASIP-PFSO), pour mettre en place ou faire [&hellip;]<\/p>\n","protected":false},"author":1,"featured_media":0,"parent":0,"menu_order":0,"comment_status":"closed","ping_status":"closed","template":"","meta":{"footnotes":""},"class_list":["post-410","page","type-page","status-publish","hentry"],"_links":{"self":[{"href":"https:\/\/marinesconseil.fr\/index.php?rest_route=\/wp\/v2\/pages\/410","targetHints":{"allow":["GET"]}}],"collection":[{"href":"https:\/\/marinesconseil.fr\/index.php?rest_route=\/wp\/v2\/pages"}],"about":[{"href":"https:\/\/marinesconseil.fr\/index.php?rest_route=\/wp\/v2\/types\/page"}],"author":[{"embeddable":true,"href":"https:\/\/marinesconseil.fr\/index.php?rest_route=\/wp\/v2\/users\/1"}],"replies":[{"embeddable":true,"href":"https:\/\/marinesconseil.fr\/index.php?rest_route=%2Fwp%2Fv2%2Fcomments&post=410"}],"version-history":[{"count":17,"href":"https:\/\/marinesconseil.fr\/index.php?rest_route=\/wp\/v2\/pages\/410\/revisions"}],"predecessor-version":[{"id":2037,"href":"https:\/\/marinesconseil.fr\/index.php?rest_route=\/wp\/v2\/pages\/410\/revisions\/2037"}],"wp:attachment":[{"href":"https:\/\/marinesconseil.fr\/index.php?rest_route=%2Fwp%2Fv2%2Fmedia&parent=410"}],"curies":[{"name":"wp","href":"https:\/\/api.w.org\/{rel}","templated":true}]}}