{"id":409,"date":"2019-11-18T20:57:06","date_gmt":"2019-11-18T19:57:06","guid":{"rendered":"http:\/\/marinesconseil.fr\/?page_id=409"},"modified":"2021-01-15T16:15:16","modified_gmt":"2021-01-15T15:15:16","slug":"lutte-antipollution","status":"publish","type":"page","link":"https:\/\/marinesconseil.fr\/?page_id=409","title":{"rendered":"Pollution maritime"},"content":{"rendered":"<h5 style=\"text-align: justify;\"><img loading=\"lazy\" decoding=\"async\" class=\"size-medium wp-image-281 alignleft\" src=\"http:\/\/marinesconseil.fr\/wp-content\/uploads\/2019\/11\/400Nettoyage_plage_photo_A-Marie_Prunevielle_LPO-300x200.jpg\" alt=\"\" width=\"300\" height=\"200\" srcset=\"https:\/\/marinesconseil.fr\/wp-content\/uploads\/2019\/11\/400Nettoyage_plage_photo_A-Marie_Prunevielle_LPO-300x200.jpg 300w, https:\/\/marinesconseil.fr\/wp-content\/uploads\/2019\/11\/400Nettoyage_plage_photo_A-Marie_Prunevielle_LPO.jpg 350w\" sizes=\"auto, (max-width: 300px) 100vw, 300px\" \/><em>Marines Conseil<\/em> vous accompagne en partageant son exp\u00e9rience de la lutte contre les pollutions maritimes<\/h5>\n<h6 style=\"text-align: justify;\">Nous mettons \u00e0 votre service, notre connaissance\u00a0 des acteurs du monde maritime et particuli\u00e8rement celle de l&rsquo;organisation et des moyens de l&rsquo;action de l&rsquo;\u00e9tat en mer.<\/h6>\n<h6 style=\"text-align: justify;\">Nous partageons aussi, notre retour d&rsquo;exp\u00e9rience du naufrage du p\u00e9trolier \u00ab\u00a0Erika\u00a0\u00bb, en mati\u00e8re de gestion de crise au sein d&rsquo;une pr\u00e9fecture, ainsi que d&rsquo;organisation et de suivi des travaux de nettoyage du littoral, .<\/h6>\n<h6><img loading=\"lazy\" decoding=\"async\" class=\"alignnone wp-image-807\" src=\"http:\/\/marinesconseil.fr\/wp-content\/uploads\/2020\/04\/image-blanche-300x184.png\" alt=\"\" width=\"26\" height=\"16\" srcset=\"https:\/\/marinesconseil.fr\/wp-content\/uploads\/2020\/04\/image-blanche-300x184.png 300w, https:\/\/marinesconseil.fr\/wp-content\/uploads\/2020\/04\/image-blanche.png 315w\" sizes=\"auto, (max-width: 26px) 100vw, 26px\" \/><\/h6>\n<h6 style=\"text-align: justify;\">Notre intervention s&rsquo;effectue \u00e0 trois niveaux:<\/h6>\n<ul>\n<li style=\"list-style-type: none;\">\n<ul>\n<li style=\"list-style-type: none;\">\n<ul>\n<li style=\"list-style-type: none;\">\n<ul>\n<li style=\"text-align: justify;\"><img loading=\"lazy\" decoding=\"async\" class=\"alignright wp-image-1664\" src=\"http:\/\/marinesconseil.fr\/wp-content\/uploads\/2020\/05\/pollution-300x201.jpg\" alt=\"\" width=\"230\" height=\"154\" srcset=\"https:\/\/marinesconseil.fr\/wp-content\/uploads\/2020\/05\/pollution-300x201.jpg 300w, https:\/\/marinesconseil.fr\/wp-content\/uploads\/2020\/05\/pollution-768x514.jpg 768w, https:\/\/marinesconseil.fr\/wp-content\/uploads\/2020\/05\/pollution-600x401.jpg 600w, https:\/\/marinesconseil.fr\/wp-content\/uploads\/2020\/05\/pollution.jpg 960w\" sizes=\"auto, (max-width: 230px) 100vw, 230px\" \/><strong>\u00c9tablir un rapport factuel et ind\u00e9pendant<\/strong>,\u00a0 des d\u00e9g\u00e2ts occasionn\u00e9s par la pollution sur vos infrastructures maritimes (conchyliculture, aquaculture, plages, marais salants&#8230;), des pr\u00e9l\u00e8vements pourront \u00eatre effectu\u00e9s;<\/li>\n<li style=\"text-align: justify;\"><strong>Repr\u00e9senter votre collectivit\u00e9 ou organisation&#8230;<\/strong> au plus pr\u00e8s de la cellule de crise, pour veiller sur vos int\u00e9r\u00eats et expliquer vos besoins, aupr\u00e8s des autres acteurs de la communaut\u00e9 maritime et des services de l&rsquo;\u00e9tat;<\/li>\n<li style=\"text-align: justify;\"><strong>Superviser les travaux<\/strong> de d\u00e9pollution littorale ou fluviale.<\/li>\n<\/ul>\n<\/li>\n<\/ul>\n<\/li>\n<\/ul>\n<\/li>\n<\/ul>\n<p style=\"text-align: justify;\"><img loading=\"lazy\" decoding=\"async\" class=\" wp-image-807 aligncenter\" src=\"http:\/\/marinesconseil.fr\/wp-content\/uploads\/2020\/04\/image-blanche-300x184.png\" alt=\"\" width=\"86\" height=\"53\" srcset=\"https:\/\/marinesconseil.fr\/wp-content\/uploads\/2020\/04\/image-blanche-300x184.png 300w, https:\/\/marinesconseil.fr\/wp-content\/uploads\/2020\/04\/image-blanche.png 315w\" sizes=\"auto, (max-width: 86px) 100vw, 86px\" \/><img loading=\"lazy\" decoding=\"async\" class=\"size-medium wp-image-291 alignleft\" src=\"http:\/\/marinesconseil.fr\/wp-content\/uploads\/2019\/11\/erika-1-300x149.jpg\" alt=\"\" width=\"300\" height=\"149\" srcset=\"https:\/\/marinesconseil.fr\/wp-content\/uploads\/2019\/11\/erika-1-300x149.jpg 300w, https:\/\/marinesconseil.fr\/wp-content\/uploads\/2019\/11\/erika-1-600x297.jpg 600w, https:\/\/marinesconseil.fr\/wp-content\/uploads\/2019\/11\/erika-1.jpg 640w\" sizes=\"auto, (max-width: 300px) 100vw, 300px\" \/><strong>Ces services, a priori, destin\u00e9s aux collectivit\u00e9s, syndicats\u00a0 professionnels, ONG ou associations&#8230; victimes de pollution, concernent \u00e9galement les assureurs des navires ou des entreprises qui seraient responsables d&rsquo;un sinistre et charg\u00e9es\u00a0 d&rsquo;intervenir au titre du principe \u00ab\u00a0pollueur-payeur\u00a0\u00bb.<\/strong><\/p>\n<p>&nbsp;<\/p>\n<p>&nbsp;<\/p>\n<p><img loading=\"lazy\" decoding=\"async\" class=\"alignright wp-image-1665\" src=\"http:\/\/marinesconseil.fr\/wp-content\/uploads\/2020\/05\/pollution3-300x142.jpeg\" alt=\"\" width=\"230\" height=\"109\" srcset=\"https:\/\/marinesconseil.fr\/wp-content\/uploads\/2020\/05\/pollution3-300x142.jpeg 300w, https:\/\/marinesconseil.fr\/wp-content\/uploads\/2020\/05\/pollution3.jpeg 326w\" sizes=\"auto, (max-width: 230px) 100vw, 230px\" \/><em><strong>Marines Conseil<\/strong><\/em> r\u00e9alise \u00e9galement ces interventions pour d&rsquo;autres types de pollutions, en particulier celles par les <strong>macro d\u00e9chets<\/strong> dispers\u00e9s en zones littorales et portuaires<\/p>\n<p>&nbsp;<\/p>\n<p>&nbsp;<\/p>\n<p>&nbsp;<\/p>\n","protected":false},"excerpt":{"rendered":"<p>Marines Conseil vous accompagne en partageant son exp\u00e9rience de la lutte contre les pollutions maritimes Nous mettons \u00e0 votre service, notre connaissance\u00a0 des acteurs du monde maritime et particuli\u00e8rement celle de l&rsquo;organisation et des moyens de l&rsquo;action de l&rsquo;\u00e9tat en mer. Nous partageons aussi, notre retour d&rsquo;exp\u00e9rience du naufrage du p\u00e9trolier \u00ab\u00a0Erika\u00a0\u00bb, en mati\u00e8re de [&hellip;]<\/p>\n","protected":false},"author":1,"featured_media":0,"parent":0,"menu_order":0,"comment_status":"closed","ping_status":"closed","template":"","meta":{"footnotes":""},"class_list":["post-409","page","type-page","status-publish","hentry"],"_links":{"self":[{"href":"https:\/\/marinesconseil.fr\/index.php?rest_route=\/wp\/v2\/pages\/409","targetHints":{"allow":["GET"]}}],"collection":[{"href":"https:\/\/marinesconseil.fr\/index.php?rest_route=\/wp\/v2\/pages"}],"about":[{"href":"https:\/\/marinesconseil.fr\/index.php?rest_route=\/wp\/v2\/types\/page"}],"author":[{"embeddable":true,"href":"https:\/\/marinesconseil.fr\/index.php?rest_route=\/wp\/v2\/users\/1"}],"replies":[{"embeddable":true,"href":"https:\/\/marinesconseil.fr\/index.php?rest_route=%2Fwp%2Fv2%2Fcomments&post=409"}],"version-history":[{"count":32,"href":"https:\/\/marinesconseil.fr\/index.php?rest_route=\/wp\/v2\/pages\/409\/revisions"}],"predecessor-version":[{"id":2054,"href":"https:\/\/marinesconseil.fr\/index.php?rest_route=\/wp\/v2\/pages\/409\/revisions\/2054"}],"wp:attachment":[{"href":"https:\/\/marinesconseil.fr\/index.php?rest_route=%2Fwp%2Fv2%2Fmedia&parent=409"}],"curies":[{"name":"wp","href":"https:\/\/api.w.org\/{rel}","templated":true}]}}