{"id":408,"date":"2019-11-18T20:57:06","date_gmt":"2019-11-18T19:57:06","guid":{"rendered":"http:\/\/marinesconseil.fr\/?page_id=408"},"modified":"2020-05-25T08:46:13","modified_gmt":"2020-05-25T06:46:13","slug":"expertise-de-partie-unilaterale","status":"publish","type":"page","link":"https:\/\/marinesconseil.fr\/?page_id=408","title":{"rendered":"Expertise de partie (unilat\u00e9rale)"},"content":{"rendered":"<h5 style=\"text-align: justify;\"><img loading=\"lazy\" decoding=\"async\" class=\" wp-image-1437 alignleft\" src=\"http:\/\/marinesconseil.fr\/wp-content\/uploads\/2020\/04\/juridique-300x136.jpeg\" alt=\"\" width=\"313\" height=\"142\" srcset=\"https:\/\/marinesconseil.fr\/wp-content\/uploads\/2020\/04\/juridique-300x136.jpeg 300w, https:\/\/marinesconseil.fr\/wp-content\/uploads\/2020\/04\/juridique.jpeg 333w\" sizes=\"auto, (max-width: 313px) 100vw, 313px\" \/> A titre personnel, ou dans le cadre de vos activit\u00e9s juridiques, vous souhaitez \u00eatre \u00e9clair\u00e9 sur une situation de fait, sur un encha\u00eenement de faits, ou sur l\u2019\u00e9valuation d\u2019un pr\u00e9judice.<\/h5>\n<h5 style=\"text-align: justify;\"><em><strong>Marines Conseil <\/strong><\/em>vous propose ses services d&rsquo;expert de partie.<\/h5>\n<h6 style=\"text-align: justify;\">Nous vous apportons\u00a0 notre exp\u00e9rience de la navigation et de la man\u0153uvre des navires, ainsi que notre connaissance technique des \u00e9quipements embarqu\u00e9s, mais aussi, celle des usages maritimes de par le monde.<\/h6>\n<p><strong>De plus, <em>Marines Conseil <\/em>dispose d&rsquo;une expertise sp\u00e9cifique pour:<\/strong><\/p>\n<ul>\n<li style=\"list-style-type: none;\">\n<ul>\n<li style=\"list-style-type: none;\">\n<ul>\n<li style=\"list-style-type: none;\">\n<ul>\n<li style=\"list-style-type: none;\">\n<ul>\n<li style=\"list-style-type: none;\">\n<ul>\n<li style=\"list-style-type: none;\">\n<ul>\n<li style=\"list-style-type: none;\">\n<ul>\n<li style=\"list-style-type: none;\">\n<ul>\n<li style=\"list-style-type: none;\">\n<ul>\n<li style=\"list-style-type: none;\">\n<ul>\n<li style=\"list-style-type: none;\">\n<ul>\n<li style=\"list-style-type: none;\">\n<ul>\n<li style=\"list-style-type: none;\">\n<ul>\n<li><strong>la pratique et les op\u00e9rations de plong\u00e9e sous marine,<\/strong><\/li>\n<li><strong>l&#8217;emploi et les effets des explosifs en milieu subaquatique,<\/strong><\/li>\n<li><strong>la conception et la\u00a0 mise en \u0153uvre des drones sous-marins.<\/strong><\/li>\n<\/ul>\n<\/li>\n<\/ul>\n<\/li>\n<\/ul>\n<\/li>\n<\/ul>\n<\/li>\n<\/ul>\n<\/li>\n<\/ul>\n<\/li>\n<\/ul>\n<\/li>\n<\/ul>\n<\/li>\n<\/ul>\n<\/li>\n<\/ul>\n<\/li>\n<\/ul>\n<\/li>\n<\/ul>\n<\/li>\n<\/ul>\n<\/li>\n<\/ul>\n<ul>\n<li style=\"list-style-type: none;\">\n<ul>\n<li style=\"list-style-type: none;\">\n<ul>\n<li style=\"list-style-type: none;\">\n<ul>\n<li style=\"list-style-type: none;\">\n<ul>\n<li style=\"list-style-type: none;\">\n<ul>\n<li style=\"list-style-type: none;\">\n<ul>\n<li style=\"list-style-type: none;\">\n<ul>\n<li style=\"list-style-type: none;\">\n<ul>\n<li style=\"list-style-type: none;\">\n<ul>\n<li style=\"list-style-type: none;\">\n<ul>\n<li style=\"list-style-type: none;\">\n<ul>\n<li style=\"list-style-type: none;\">\n<ul>\n<li style=\"list-style-type: none;\">\n<ul>\n<li style=\"list-style-type: none;\">\n<ul>\n<li style=\"list-style-type: none;\">\n<ul>\n<li style=\"list-style-type: none;\">\n<ul>\n<li style=\"list-style-type: none;\">\n<ul>\n<li style=\"list-style-type: none;\">\n<ul>\n<li style=\"list-style-type: none;\">\n<ul>\n<li style=\"list-style-type: none;\">\n<ul>\n<li style=\"list-style-type: none;\">\n<ul>\n<li style=\"list-style-type: none;\">\n<ul>\n<li style=\"list-style-type: none;\">\n<ul>\n<li style=\"list-style-type: none;\"><\/li>\n<\/ul>\n<\/li>\n<\/ul>\n<\/li>\n<\/ul>\n<\/li>\n<\/ul>\n<\/li>\n<\/ul>\n<\/li>\n<\/ul>\n<\/li>\n<\/ul>\n<\/li>\n<\/ul>\n<\/li>\n<\/ul>\n<\/li>\n<\/ul>\n<\/li>\n<\/ul>\n<\/li>\n<\/ul>\n<\/li>\n<\/ul>\n<\/li>\n<\/ul>\n<\/li>\n<\/ul>\n<\/li>\n<\/ul>\n<\/li>\n<\/ul>\n<\/li>\n<\/ul>\n<\/li>\n<\/ul>\n<\/li>\n<\/ul>\n<\/li>\n<\/ul>\n<\/li>\n<\/ul>\n<\/li>\n<\/ul>\n<\/li>\n<\/ul>\n<p style=\"text-align: justify;\">Notre expertise \u00ab\u00a0de partie\u00a0\u00bb, autrement nomm\u00e9e: amiable, extrajudiciaire, unilat\u00e9rale ou encore conventionnelle peut \u00eatre r\u00e9alis\u00e9e, en amont, afin d&rsquo;\u00e9clairer le consentement d&rsquo;une partie, \u00e0\u00a0 un acte juridique, mais aussi, pour disposer d&rsquo;un rapport d&rsquo;expertise dans le cadre, ou en vue d&rsquo;un proc\u00e8s et dans les situations suivantes:<\/p>\n<h5 style=\"text-align: justify;\"><img loading=\"lazy\" decoding=\"async\" class=\" wp-image-1439 alignright\" src=\"http:\/\/marinesconseil.fr\/wp-content\/uploads\/2020\/04\/juridique2.jpeg\" alt=\"\" width=\"302\" height=\"214\" \/><\/h5>\n<ul>\n<li style=\"text-align: justify;\"><strong>A titre personnel<\/strong>,\u00a0 vous\u00a0 sollicitez\u00a0 <em><strong>Marines Conseil<\/strong><\/em>\u00a0 pour obtenir un avis <strong>en dehors de toute proc\u00e9dure<\/strong>. Puis, vous engagez un proc\u00e8s et vous pourrez communiquer le rapport d\u2019expertise r\u00e9alis\u00e9, car la jurisprudence juge que ce rapport d\u2019expertise amiable constitue un document de preuve au m\u00eame titre qu\u2019un autre.<\/li>\n<li style=\"text-align: justify;\"><strong>Dans le cadre d&rsquo;un proc\u00e8s<\/strong>, \u00e0 la demande de votre partie, <em><strong>Marines Conseil<\/strong><\/em> peut vous assister et vous <strong>conseiller techniquement lors des op\u00e9rations d\u2019expertise judiciaire<\/strong>. En effet, dans la mesure, o\u00f9 vous et votre avocat, ne disposeriez pas des comp\u00e9tences techniques pour comprendre les op\u00e9rations d\u2019expertise, <em><strong>Marines Conseil<\/strong><\/em> mandat\u00e9 comme expert \u00ab de partie \u00bb,\u00a0 assistera aux op\u00e9rations et pourra vous conseiller pour la r\u00e9daction des dires et observations, et donner son avis sur les questions pos\u00e9es.<\/li>\n<li style=\"text-align: justify;\">Dans le cas, o\u00f9 vous souhaitez <strong>contredire un rapport d&rsquo;expertise judiciaire<\/strong>, <em><strong>Marines Conseil<\/strong><\/em> r\u00e9alisera une expertise de partie. Le rapport d\u2019expertise de partie (ou extrajudiciaire) r\u00e9alis\u00e9 sera, alors, soumis \u00e0 un d\u00e9bat contradictoire, afin que les juges puissent en tenir compte, dans leur appr\u00e9ciation de l&rsquo;avis de l&rsquo;expert judiciaire.<\/li>\n<\/ul>\n","protected":false},"excerpt":{"rendered":"<p>A titre personnel, ou dans le cadre de vos activit\u00e9s juridiques, vous souhaitez \u00eatre \u00e9clair\u00e9 sur une situation de fait, sur un encha\u00eenement de faits, ou sur l\u2019\u00e9valuation d\u2019un pr\u00e9judice. Marines Conseil vous propose ses services d&rsquo;expert de partie. Nous vous apportons\u00a0 notre exp\u00e9rience de la navigation et de la man\u0153uvre des navires, ainsi que [&hellip;]<\/p>\n","protected":false},"author":1,"featured_media":0,"parent":0,"menu_order":0,"comment_status":"closed","ping_status":"closed","template":"","meta":{"footnotes":""},"class_list":["post-408","page","type-page","status-publish","hentry"],"_links":{"self":[{"href":"https:\/\/marinesconseil.fr\/index.php?rest_route=\/wp\/v2\/pages\/408","targetHints":{"allow":["GET"]}}],"collection":[{"href":"https:\/\/marinesconseil.fr\/index.php?rest_route=\/wp\/v2\/pages"}],"about":[{"href":"https:\/\/marinesconseil.fr\/index.php?rest_route=\/wp\/v2\/types\/page"}],"author":[{"embeddable":true,"href":"https:\/\/marinesconseil.fr\/index.php?rest_route=\/wp\/v2\/users\/1"}],"replies":[{"embeddable":true,"href":"https:\/\/marinesconseil.fr\/index.php?rest_route=%2Fwp%2Fv2%2Fcomments&post=408"}],"version-history":[{"count":22,"href":"https:\/\/marinesconseil.fr\/index.php?rest_route=\/wp\/v2\/pages\/408\/revisions"}],"predecessor-version":[{"id":2026,"href":"https:\/\/marinesconseil.fr\/index.php?rest_route=\/wp\/v2\/pages\/408\/revisions\/2026"}],"wp:attachment":[{"href":"https:\/\/marinesconseil.fr\/index.php?rest_route=%2Fwp%2Fv2%2Fmedia&parent=408"}],"curies":[{"name":"wp","href":"https:\/\/api.w.org\/{rel}","templated":true}]}}