{"id":407,"date":"2019-11-18T20:57:06","date_gmt":"2019-11-18T19:57:06","guid":{"rendered":"http:\/\/marinesconseil.fr\/?page_id=407"},"modified":"2020-04-27T15:47:16","modified_gmt":"2020-04-27T13:47:16","slug":"expertise-amiable-contradictoire","status":"publish","type":"page","link":"https:\/\/marinesconseil.fr\/?page_id=407","title":{"rendered":"Expertise amiable contradictoire"},"content":{"rendered":"<h5 style=\"text-align: justify;\"><img loading=\"lazy\" decoding=\"async\" class=\"wp-image-883 alignleft\" src=\"http:\/\/marinesconseil.fr\/wp-content\/uploads\/2020\/04\/sinsitre5.jpg\" alt=\"\" width=\"226\" height=\"170\" \/>Vous avez un diff\u00e9rend avec un tiers, suite \u00e0 un \u00e9v\u00e8nement de mer, \u00e0 un litige apr\u00e8s l&rsquo;achat ou la vente de votre bateau, etc&#8230; Une d\u00e9marche d&rsquo;expertise maritime amiable contradictoire est initi\u00e9e pour tenter de r\u00e9gler ce d\u00e9saccord, dans les meilleurs conditions.<\/h5>\n<h5 style=\"text-align: justify;\"><em><strong>Marines Conseil <\/strong><\/em>vous accompagne en r\u00e9alisant cette expertise.<\/h5>\n<h6 style=\"text-align: justify;\">Dans le cadre d&rsquo;une expertise amiable contradictoire, les experts des deux parties sont mandat\u00e9s pour:<\/h6>\n<ul style=\"text-align: justify;\">\n<li style=\"list-style-type: none;\">\n<ul>\n<li style=\"text-align: justify;\">d\u00e9crire l&rsquo;encha\u00eenement des faits ;<img loading=\"lazy\" decoding=\"async\" class=\" wp-image-1385 alignright\" src=\"http:\/\/marinesconseil.fr\/wp-content\/uploads\/2020\/04\/motor-1010495_960_720-300x255.jpg\" alt=\"\" width=\"236\" height=\"200\" srcset=\"https:\/\/marinesconseil.fr\/wp-content\/uploads\/2020\/04\/motor-1010495_960_720-300x255.jpg 300w, https:\/\/marinesconseil.fr\/wp-content\/uploads\/2020\/04\/motor-1010495_960_720-768x653.jpg 768w, https:\/\/marinesconseil.fr\/wp-content\/uploads\/2020\/04\/motor-1010495_960_720-600x510.jpg 600w, https:\/\/marinesconseil.fr\/wp-content\/uploads\/2020\/04\/motor-1010495_960_720.jpg 847w\" sizes=\"auto, (max-width: 236px) 100vw, 236px\" \/><\/li>\n<li style=\"text-align: justify;\">pr\u00e9senter les intervenants identifi\u00e9s ;<\/li>\n<li style=\"text-align: justify;\">expliquer la cause du sinistre ;<\/li>\n<li style=\"text-align: justify;\">exposer les relations juridiques existant entre les intervenants ;<\/li>\n<li style=\"text-align: justify;\">enregistrer les d\u00e9clarations des intervenants ;<\/li>\n<li style=\"text-align: justify;\">indiquer ce qui a pu \u00eatre v\u00e9rifi\u00e9 et ce qui ne l&rsquo;a pas \u00e9t\u00e9 ;<\/li>\n<li style=\"text-align: justify;\">\u00e9changer et confronter les points de vue sur la cause du sinistre avec les autres parties ;<\/li>\n<li style=\"text-align: justify;\">estimer la valeur d&rsquo;un bien sinistr\u00e9.<\/li>\n<\/ul>\n<\/li>\n<\/ul>\n<p style=\"text-align: justify;\">L&rsquo;objectif de l&rsquo;expertise amiable contradictoire est de produire une v\u00e9rit\u00e9 : celle du fait technique. Elle constitue alors un moyen de preuve.<\/p>\n<p style=\"text-align: justify;\">La contradiction est la m\u00e9thode de r\u00e9alisation de l&rsquo;expertise pour acc\u00e9der \u00e0 la v\u00e9rit\u00e9 technique : elle permet la confrontation des v\u00e9rit\u00e9s que con\u00e7oit chacune des parties.<\/p>\n<p style=\"text-align: justify;\">L&rsquo;exigence \u00ab d&rsquo;un contradictoire complet \u00bb s&rsquo;applique donc \u00e0 l&rsquo;expertise amiable. Elle devient alors, opposable \u00e0 une partie d&rsquo;autant que celle-ci y a \u00e9t\u00e9 r\u00e9guli\u00e8rement appel\u00e9e, pr\u00e9sente ou repr\u00e9sent\u00e9e.<\/p>\n<p style=\"text-align: justify;\">Si l&rsquo;affaire est port\u00e9e en justice, le juge pourra utiliser le rapport d&rsquo;expertise pour\u00a0 forger son avis.<\/p>\n<p>&nbsp;<\/p>\n<p>&nbsp;<\/p>\n","protected":false},"excerpt":{"rendered":"<p>Vous avez un diff\u00e9rend avec un tiers, suite \u00e0 un \u00e9v\u00e8nement de mer, \u00e0 un litige apr\u00e8s l&rsquo;achat ou la vente de votre bateau, etc&#8230; Une d\u00e9marche d&rsquo;expertise maritime amiable contradictoire est initi\u00e9e pour tenter de r\u00e9gler ce d\u00e9saccord, dans les meilleurs conditions. Marines Conseil vous accompagne en r\u00e9alisant cette expertise. Dans le cadre d&rsquo;une [&hellip;]<\/p>\n","protected":false},"author":1,"featured_media":0,"parent":0,"menu_order":0,"comment_status":"closed","ping_status":"closed","template":"","meta":{"footnotes":""},"class_list":["post-407","page","type-page","status-publish","hentry"],"_links":{"self":[{"href":"https:\/\/marinesconseil.fr\/index.php?rest_route=\/wp\/v2\/pages\/407","targetHints":{"allow":["GET"]}}],"collection":[{"href":"https:\/\/marinesconseil.fr\/index.php?rest_route=\/wp\/v2\/pages"}],"about":[{"href":"https:\/\/marinesconseil.fr\/index.php?rest_route=\/wp\/v2\/types\/page"}],"author":[{"embeddable":true,"href":"https:\/\/marinesconseil.fr\/index.php?rest_route=\/wp\/v2\/users\/1"}],"replies":[{"embeddable":true,"href":"https:\/\/marinesconseil.fr\/index.php?rest_route=%2Fwp%2Fv2%2Fcomments&post=407"}],"version-history":[{"count":14,"href":"https:\/\/marinesconseil.fr\/index.php?rest_route=\/wp\/v2\/pages\/407\/revisions"}],"predecessor-version":[{"id":1454,"href":"https:\/\/marinesconseil.fr\/index.php?rest_route=\/wp\/v2\/pages\/407\/revisions\/1454"}],"wp:attachment":[{"href":"https:\/\/marinesconseil.fr\/index.php?rest_route=%2Fwp%2Fv2%2Fmedia&parent=407"}],"curies":[{"name":"wp","href":"https:\/\/api.w.org\/{rel}","templated":true}]}}