{"id":406,"date":"2019-11-18T20:57:06","date_gmt":"2019-11-18T19:57:06","guid":{"rendered":"http:\/\/marinesconseil.fr\/?page_id=406"},"modified":"2020-05-03T10:29:57","modified_gmt":"2020-05-03T08:29:57","slug":"explosion-sous-marine-2","status":"publish","type":"page","link":"https:\/\/marinesconseil.fr\/?page_id=406","title":{"rendered":"D\u00e9tonique sous-marine"},"content":{"rendered":"<h5 style=\"text-align: justify;\"><img loading=\"lazy\" decoding=\"async\" class=\" wp-image-1201 alignleft\" src=\"http:\/\/marinesconseil.fr\/wp-content\/uploads\/2020\/04\/explosion-sous-marine-300x199.jpg\" alt=\"\" width=\"208\" height=\"138\" srcset=\"https:\/\/marinesconseil.fr\/wp-content\/uploads\/2020\/04\/explosion-sous-marine-300x199.jpg 300w, https:\/\/marinesconseil.fr\/wp-content\/uploads\/2020\/04\/explosion-sous-marine-768x509.jpg 768w, https:\/\/marinesconseil.fr\/wp-content\/uploads\/2020\/04\/explosion-sous-marine-600x398.jpg 600w, https:\/\/marinesconseil.fr\/wp-content\/uploads\/2020\/04\/explosion-sous-marine.jpg 950w\" sizes=\"auto, (max-width: 208px) 100vw, 208px\" \/>\u00c9valuer et prot\u00e9ger des effets d&rsquo;une d\u00e9tonation en milieu subaquatique est une op\u00e9ration d\u00e9licate qui requiert de s&rsquo;appuyer sur une \u00e9tude scientifique, mais aussi sur le retour d&rsquo;exp\u00e9rience.<\/h5>\n<p>&nbsp;<\/p>\n<h6 style=\"text-align: justify;\"><em>Marines Conseil<\/em>, avec ses partenaires scientifiques, partagent leur exp\u00e9rience de ce domaine. Nous r\u00e9alisons l&rsquo;\u00e9tude d&rsquo;impact des explosions sous marines sur l&rsquo;environnement et les infrastructures maritimes, en proposant des possibilit\u00e9s d&rsquo;att\u00e9nuation des effets.<\/h6>\n<h6><img loading=\"lazy\" decoding=\"async\" class=\"size-full wp-image-1740 alignright\" src=\"http:\/\/marinesconseil.fr\/wp-content\/uploads\/2020\/05\/explo2.jpeg\" alt=\"\" width=\"275\" height=\"183\" \/> Sensibilisation sur les effets et les moyens d&rsquo;att\u00e9nuation d&rsquo;une d\u00e9tonation sous marine<\/h6>\n<p style=\"text-align: justify;\">Nous vous proposons la r\u00e9alisation de <strong>conf\u00e9rences de sensibilisation<\/strong> sur les effets d&rsquo;une d\u00e9tonation sous-marine et les possibilit\u00e9s d&rsquo;att\u00e9nuation. Cette sensibilisation vous permettra de mieux appr\u00e9hender les impacts sur l&rsquo;environnement, d&rsquo;une d\u00e9tonation, en fonction de la quantit\u00e9 d&rsquo;explosif et de la configuration du lieu de l&rsquo;explosion. Nous pr\u00e9senterons les syst\u00e8mes d\u2019att\u00e9nuation de l&rsquo;onde de choc et les possibilit\u00e9s alternatives en mati\u00e8re de d\u00e9tonique.<\/p>\n<h6>\u00c9tude d&rsquo;impact d&rsquo;une d\u00e9tonation sous-marine<\/h6>\n<p><em><strong>Marines conseil<\/strong><\/em> et ses partenaires vous proposent de r\u00e9aliser l&rsquo;\u00e9tude d\u2019impact d&rsquo;un chantier sous marin de mise en \u0153uvre d&rsquo;explosif. Cette \u00e9tude personnalis\u00e9e, vous permettra d&rsquo;estimer, au mieux, la quantit\u00e9 d&rsquo;explosif \u00e0 employer, mais aussi, le besoin d\u2019att\u00e9nuer l&rsquo;onde de choc.<\/p>\n","protected":false},"excerpt":{"rendered":"<p>\u00c9valuer et prot\u00e9ger des effets d&rsquo;une d\u00e9tonation en milieu subaquatique est une op\u00e9ration d\u00e9licate qui requiert de s&rsquo;appuyer sur une \u00e9tude scientifique, mais aussi sur le retour d&rsquo;exp\u00e9rience. &nbsp; Marines Conseil, avec ses partenaires scientifiques, partagent leur exp\u00e9rience de ce domaine. Nous r\u00e9alisons l&rsquo;\u00e9tude d&rsquo;impact des explosions sous marines sur l&rsquo;environnement et les infrastructures maritimes, [&hellip;]<\/p>\n","protected":false},"author":1,"featured_media":0,"parent":0,"menu_order":0,"comment_status":"closed","ping_status":"closed","template":"","meta":{"footnotes":""},"class_list":["post-406","page","type-page","status-publish","hentry"],"_links":{"self":[{"href":"https:\/\/marinesconseil.fr\/index.php?rest_route=\/wp\/v2\/pages\/406","targetHints":{"allow":["GET"]}}],"collection":[{"href":"https:\/\/marinesconseil.fr\/index.php?rest_route=\/wp\/v2\/pages"}],"about":[{"href":"https:\/\/marinesconseil.fr\/index.php?rest_route=\/wp\/v2\/types\/page"}],"author":[{"embeddable":true,"href":"https:\/\/marinesconseil.fr\/index.php?rest_route=\/wp\/v2\/users\/1"}],"replies":[{"embeddable":true,"href":"https:\/\/marinesconseil.fr\/index.php?rest_route=%2Fwp%2Fv2%2Fcomments&post=406"}],"version-history":[{"count":16,"href":"https:\/\/marinesconseil.fr\/index.php?rest_route=\/wp\/v2\/pages\/406\/revisions"}],"predecessor-version":[{"id":1758,"href":"https:\/\/marinesconseil.fr\/index.php?rest_route=\/wp\/v2\/pages\/406\/revisions\/1758"}],"wp:attachment":[{"href":"https:\/\/marinesconseil.fr\/index.php?rest_route=%2Fwp%2Fv2%2Fmedia&parent=406"}],"curies":[{"name":"wp","href":"https:\/\/api.w.org\/{rel}","templated":true}]}}