{"id":403,"date":"2019-11-18T20:57:06","date_gmt":"2019-11-18T19:57:06","guid":{"rendered":"http:\/\/marinesconseil.fr\/?page_id=403"},"modified":"2020-05-11T13:15:45","modified_gmt":"2020-05-11T11:15:45","slug":"toilette-de-mer","status":"publish","type":"page","link":"https:\/\/marinesconseil.fr\/?page_id=403","title":{"rendered":"Toilette de mer"},"content":{"rendered":"<h5><img loading=\"lazy\" decoding=\"async\" class=\"size-medium wp-image-1830 alignleft\" src=\"http:\/\/marinesconseil.fr\/wp-content\/uploads\/2020\/05\/barge3-300x166.gif\" alt=\"\" width=\"300\" height=\"166\" \/>Vous\u00a0 transportez vos produits par barge.<\/h5>\n<h5><em>Marines Conseil<\/em> vous accompagne en contr\u00f4lant\u00a0 la \u00ab\u00a0toilette de mer\u00a0\u00bb<\/h5>\n<p>&nbsp;<\/p>\n<h6><img loading=\"lazy\" decoding=\"async\" class=\" wp-image-1831 alignright\" src=\"http:\/\/marinesconseil.fr\/wp-content\/uploads\/2020\/05\/barge4-300x225.jpg\" alt=\"\" width=\"255\" height=\"191\" srcset=\"https:\/\/marinesconseil.fr\/wp-content\/uploads\/2020\/05\/barge4-300x225.jpg 300w, https:\/\/marinesconseil.fr\/wp-content\/uploads\/2020\/05\/barge4-600x450.jpg 600w, https:\/\/marinesconseil.fr\/wp-content\/uploads\/2020\/05\/barge4.jpg 700w\" sizes=\"auto, (max-width: 255px) 100vw, 255px\" \/>Le transport sur barge est une op\u00e9ration d\u00e9licate pour laquelle <em><strong>Marines Conseil<\/strong><\/em> met \u00e0 votre disposition ses conseils et recommandations.<\/h6>\n<p>Cette op\u00e9ration vise \u00e0 assurer que la barge, comme le remorqueur sont aptes \u00e0 recevoir votre marchandise et \u00e0 la convoyer jusqu&rsquo;\u00e0 sa destination, dans les meilleures conditions de s\u00e9curit\u00e9.<\/p>\n<p>&nbsp;<\/p>\n<p><img loading=\"lazy\" decoding=\"async\" class=\" wp-image-1762 alignleft\" src=\"http:\/\/marinesconseil.fr\/wp-content\/uploads\/2020\/05\/remorquage-en-haute-mer-300x150.jpg\" alt=\"\" width=\"292\" height=\"146\" srcset=\"https:\/\/marinesconseil.fr\/wp-content\/uploads\/2020\/05\/remorquage-en-haute-mer-300x150.jpg 300w, https:\/\/marinesconseil.fr\/wp-content\/uploads\/2020\/05\/remorquage-en-haute-mer-768x384.jpg 768w, https:\/\/marinesconseil.fr\/wp-content\/uploads\/2020\/05\/remorquage-en-haute-mer-600x300.jpg 600w, https:\/\/marinesconseil.fr\/wp-content\/uploads\/2020\/05\/remorquage-en-haute-mer.jpg 980w\" sizes=\"auto, (max-width: 292px) 100vw, 292px\" \/><\/p>\n<p><em>Marines Conseil<\/em> r\u00e9alise l&rsquo;inspection d\u00e9taill\u00e9e de la barge, avant et \u00e0 l&rsquo;issue du chargement. \u00c9galement, nous v\u00e9rifions les qualifications du remorqueur et de son \u00e9quipage.<\/p>\n<p>Enfin nous \u00e9mettons nos recommandations pour le transit du convoi.<\/p>\n<p><strong>Ces observations, sont consign\u00e9es dans un rapport, o\u00f9 nous approuvons la \u00ab\u00a0toilette de mer\u00a0\u00bb<\/strong>.<\/p>\n<p>&nbsp;<\/p>\n<p>&nbsp;<\/p>\n<p>&nbsp;<\/p>\n<p>&nbsp;<\/p>\n<h5><\/h5>\n<p>&nbsp;<\/p>\n","protected":false},"excerpt":{"rendered":"<p>Vous\u00a0 transportez vos produits par barge. Marines Conseil vous accompagne en contr\u00f4lant\u00a0 la \u00ab\u00a0toilette de mer\u00a0\u00bb &nbsp; Le transport sur barge est une op\u00e9ration d\u00e9licate pour laquelle Marines Conseil met \u00e0 votre disposition ses conseils et recommandations. Cette op\u00e9ration vise \u00e0 assurer que la barge, comme le remorqueur sont aptes \u00e0 recevoir votre marchandise et [&hellip;]<\/p>\n","protected":false},"author":1,"featured_media":0,"parent":0,"menu_order":0,"comment_status":"closed","ping_status":"closed","template":"","meta":{"footnotes":""},"class_list":["post-403","page","type-page","status-publish","hentry"],"_links":{"self":[{"href":"https:\/\/marinesconseil.fr\/index.php?rest_route=\/wp\/v2\/pages\/403","targetHints":{"allow":["GET"]}}],"collection":[{"href":"https:\/\/marinesconseil.fr\/index.php?rest_route=\/wp\/v2\/pages"}],"about":[{"href":"https:\/\/marinesconseil.fr\/index.php?rest_route=\/wp\/v2\/types\/page"}],"author":[{"embeddable":true,"href":"https:\/\/marinesconseil.fr\/index.php?rest_route=\/wp\/v2\/users\/1"}],"replies":[{"embeddable":true,"href":"https:\/\/marinesconseil.fr\/index.php?rest_route=%2Fwp%2Fv2%2Fcomments&post=403"}],"version-history":[{"count":12,"href":"https:\/\/marinesconseil.fr\/index.php?rest_route=\/wp\/v2\/pages\/403\/revisions"}],"predecessor-version":[{"id":2023,"href":"https:\/\/marinesconseil.fr\/index.php?rest_route=\/wp\/v2\/pages\/403\/revisions\/2023"}],"wp:attachment":[{"href":"https:\/\/marinesconseil.fr\/index.php?rest_route=%2Fwp%2Fv2%2Fmedia&parent=403"}],"curies":[{"name":"wp","href":"https:\/\/api.w.org\/{rel}","templated":true}]}}