{"id":401,"date":"2019-11-18T20:57:06","date_gmt":"2019-11-18T19:57:06","guid":{"rendered":"http:\/\/marinesconseil.fr\/?page_id=401"},"modified":"2020-05-09T10:14:04","modified_gmt":"2020-05-09T08:14:04","slug":"assistance","status":"publish","type":"page","link":"https:\/\/marinesconseil.fr\/?page_id=401","title":{"rendered":"Assistance"},"content":{"rendered":"<h5 style=\"text-align: justify;\"><img loading=\"lazy\" decoding=\"async\" class=\" wp-image-1485 alignleft\" src=\"http:\/\/marinesconseil.fr\/wp-content\/uploads\/2020\/04\/\u00e9pave.jpeg\" alt=\"\" width=\"183\" height=\"183\" srcset=\"https:\/\/marinesconseil.fr\/wp-content\/uploads\/2020\/04\/\u00e9pave.jpeg 225w, https:\/\/marinesconseil.fr\/wp-content\/uploads\/2020\/04\/\u00e9pave-150x150.jpeg 150w\" sizes=\"auto, (max-width: 183px) 100vw, 183px\" \/>Marines Conseil propose aux soci\u00e9t\u00e9s d&rsquo;assurances\u00a0 et aux mutuelles ses services pour les accompagner dans l&rsquo;application des garanties des contrats d&rsquo;assistance, d\u00e8s lors que le sinistre a lieu dans l&rsquo;environnement maritime ou fluvial.<\/h5>\n<p>&nbsp;<\/p>\n<p>&nbsp;<\/p>\n<h6 style=\"text-align: justify;\">Nous proposons de vous repr\u00e9senter et d&rsquo;intervenir pour votre soci\u00e9t\u00e9, en relation avec les acteurs locaux et les autorit\u00e9s, pour:<\/h6>\n<h6 style=\"text-align: justify;\"><img loading=\"lazy\" decoding=\"async\" class=\"size-full wp-image-1617 alignright\" src=\"http:\/\/marinesconseil.fr\/wp-content\/uploads\/2020\/05\/echouage.jpeg\" alt=\"\" width=\"269\" height=\"187\" \/><\/h6>\n<ul style=\"text-align: justify;\">\n<li style=\"list-style-type: none;\">\n<ul>\n<li>Pr\u00e9server les biens de votre soci\u00e9taire;<\/li>\n<li>Faire traiter l&rsquo;ensemble des risques et dommages collat\u00e9raux occasionn\u00e9s par un navire d\u00e9sempar\u00e9, une \u00e9pave, un container \u00e0 la d\u00e9rive, &#8230; en faisant prendre les dispositions que vous devriez appliquer (remorquage, renflouement ou\u00a0 retirement);<\/li>\n<li>Placer en s\u00e9curit\u00e9 le bien concern\u00e9, dans un chantier naval, un port, pour des r\u00e9parations, ou proposer son d\u00e9mant\u00e8lement.<img loading=\"lazy\" decoding=\"async\" class=\" wp-image-807 aligncenter\" src=\"http:\/\/marinesconseil.fr\/wp-content\/uploads\/2020\/04\/image-blanche-300x184.png\" alt=\"\" width=\"32\" height=\"20\" srcset=\"https:\/\/marinesconseil.fr\/wp-content\/uploads\/2020\/04\/image-blanche-300x184.png 300w, https:\/\/marinesconseil.fr\/wp-content\/uploads\/2020\/04\/image-blanche.png 315w\" sizes=\"auto, (max-width: 32px) 100vw, 32px\" \/><\/li>\n<\/ul>\n<\/li>\n<\/ul>\n<p style=\"text-align: justify;\"><img loading=\"lazy\" decoding=\"async\" class=\" wp-image-1482 alignleft\" src=\"http:\/\/marinesconseil.fr\/wp-content\/uploads\/2020\/04\/assistance-300x151.jpg\" alt=\"\" width=\"338\" height=\"170\" srcset=\"https:\/\/marinesconseil.fr\/wp-content\/uploads\/2020\/04\/assistance-300x151.jpg 300w, https:\/\/marinesconseil.fr\/wp-content\/uploads\/2020\/04\/assistance-768x386.jpg 768w, https:\/\/marinesconseil.fr\/wp-content\/uploads\/2020\/04\/assistance-600x301.jpg 600w, https:\/\/marinesconseil.fr\/wp-content\/uploads\/2020\/04\/assistance.jpg 1000w\" sizes=\"auto, (max-width: 338px) 100vw, 338px\" \/><\/p>\n<p style=\"text-align: justify;\">Notre action s&rsquo;appuie sur notre tr\u00e8s bonne connaissance de l\u2019organisation des secours et des moyens d&rsquo;action de l&rsquo;\u00e9tat en mer, ainsi que sur l&rsquo;\u00e9valuation des possibilit\u00e9s d&rsquo;intervention, au regard des capacit\u00e9s des acteurs sp\u00e9cialis\u00e9s (remorquage, travaux sous marin, &#8230;), mais aussi, des conditions m\u00e9t\u00e9orologiques, de la position g\u00e9ographique de l\u2019\u00e9v\u00e9nement de mer &#8230;<\/p>\n<p>Nous \u00e9tablissons ainsi une relation privil\u00e9gi\u00e9e avec l&rsquo;ensemble de ces acteurs, garantie d&rsquo;aboutir \u00e0 la solution d&rsquo;assistance technique et juridique la plus adapt\u00e9e pour r\u00e9pondre \u00e0 la situation.<\/p>\n","protected":false},"excerpt":{"rendered":"<p>Marines Conseil propose aux soci\u00e9t\u00e9s d&rsquo;assurances\u00a0 et aux mutuelles ses services pour les accompagner dans l&rsquo;application des garanties des contrats d&rsquo;assistance, d\u00e8s lors que le sinistre a lieu dans l&rsquo;environnement maritime ou fluvial. &nbsp; &nbsp; Nous proposons de vous repr\u00e9senter et d&rsquo;intervenir pour votre soci\u00e9t\u00e9, en relation avec les acteurs locaux et les autorit\u00e9s, pour: [&hellip;]<\/p>\n","protected":false},"author":1,"featured_media":0,"parent":0,"menu_order":0,"comment_status":"closed","ping_status":"closed","template":"","meta":{"footnotes":""},"class_list":["post-401","page","type-page","status-publish","hentry"],"_links":{"self":[{"href":"https:\/\/marinesconseil.fr\/index.php?rest_route=\/wp\/v2\/pages\/401","targetHints":{"allow":["GET"]}}],"collection":[{"href":"https:\/\/marinesconseil.fr\/index.php?rest_route=\/wp\/v2\/pages"}],"about":[{"href":"https:\/\/marinesconseil.fr\/index.php?rest_route=\/wp\/v2\/types\/page"}],"author":[{"embeddable":true,"href":"https:\/\/marinesconseil.fr\/index.php?rest_route=\/wp\/v2\/users\/1"}],"replies":[{"embeddable":true,"href":"https:\/\/marinesconseil.fr\/index.php?rest_route=%2Fwp%2Fv2%2Fcomments&post=401"}],"version-history":[{"count":20,"href":"https:\/\/marinesconseil.fr\/index.php?rest_route=\/wp\/v2\/pages\/401\/revisions"}],"predecessor-version":[{"id":1909,"href":"https:\/\/marinesconseil.fr\/index.php?rest_route=\/wp\/v2\/pages\/401\/revisions\/1909"}],"wp:attachment":[{"href":"https:\/\/marinesconseil.fr\/index.php?rest_route=%2Fwp%2Fv2%2Fmedia&parent=401"}],"curies":[{"name":"wp","href":"https:\/\/api.w.org\/{rel}","templated":true}]}}