{"id":384,"date":"2019-11-18T20:34:39","date_gmt":"2019-11-18T19:34:39","guid":{"rendered":"http:\/\/marinesconseil.fr\/?page_id=384"},"modified":"2020-05-01T17:36:46","modified_gmt":"2020-05-01T15:36:46","slug":"conseil-aux-entreprises","status":"publish","type":"page","link":"https:\/\/marinesconseil.fr\/?page_id=384","title":{"rendered":"Conseil aux entreprises"},"content":{"rendered":"<h5><img loading=\"lazy\" decoding=\"async\" class=\"wp-image-1629 alignleft\" src=\"http:\/\/marinesconseil.fr\/wp-content\/uploads\/2020\/05\/conseil1-300x300.jpg\" alt=\"\" width=\"264\" height=\"264\" srcset=\"https:\/\/marinesconseil.fr\/wp-content\/uploads\/2020\/05\/conseil1-300x300.jpg 300w, https:\/\/marinesconseil.fr\/wp-content\/uploads\/2020\/05\/conseil1-150x150.jpg 150w, https:\/\/marinesconseil.fr\/wp-content\/uploads\/2020\/05\/conseil1.jpg 400w\" sizes=\"auto, (max-width: 264px) 100vw, 264px\" \/><\/h5>\n<h5><\/h5>\n<h5><em>Marines Conseil<\/em> partage son exp\u00e9rience, en proposant \u00e0 votre entreprise, ainsi qu&rsquo;\u00e0 vos collaborateurs, une gamme vari\u00e9e de conseils personnalis\u00e9s et adapt\u00e9s \u00e0 vos produits.<\/h5>\n<h5>Ces services sont propos\u00e9s pour les activit\u00e9s suivantes:<\/h5>\n<p><img loading=\"lazy\" decoding=\"async\" class=\"alignnone wp-image-807\" src=\"http:\/\/marinesconseil.fr\/wp-content\/uploads\/2020\/04\/image-blanche-300x184.png\" alt=\"\" width=\"47\" height=\"29\" srcset=\"https:\/\/marinesconseil.fr\/wp-content\/uploads\/2020\/04\/image-blanche-300x184.png 300w, https:\/\/marinesconseil.fr\/wp-content\/uploads\/2020\/04\/image-blanche.png 315w\" sizes=\"auto, (max-width: 47px) 100vw, 47px\" \/><\/p>\n<ul>\n<li style=\"list-style-type: none;\">\n<ul>\n<li style=\"list-style-type: none;\">\n<ul>\n<li style=\"list-style-type: none;\">\n<ul>\n<li style=\"list-style-type: none;\">\n<ul>\n<li style=\"list-style-type: none;\">\n<ul>\n<li style=\"list-style-type: none;\">\n<ul>\n<li style=\"list-style-type: none;\">\n<ul>\n<li style=\"list-style-type: none;\">\n<ul>\n<li style=\"list-style-type: none;\">\n<ul>\n<li style=\"list-style-type: none;\">\n<ul>\n<li style=\"list-style-type: none;\">\n<ul>\n<li>\n<h6><span style=\"color: #000000;\"><a style=\"color: #000000;\" href=\"http:\/\/marinesconseil.fr\/?page_id=1078\">Marketing<\/a><\/span><\/h6>\n<\/li>\n<li>\n<h6><span style=\"color: #000000;\"><a style=\"color: #000000;\" href=\"http:\/\/marinesconseil.fr\/?page_id=383\">Proposition commerciale<\/a><\/span><\/h6>\n<\/li>\n<li>\n<h6><span style=\"color: #000000;\"><a style=\"color: #000000;\" href=\"http:\/\/marinesconseil.fr\/?page_id=385\">Pilotage de projets techniques et industriels<\/a><\/span><\/h6>\n<\/li>\n<li>\n<h6><span style=\"color: #000000;\"><a style=\"color: #000000;\" href=\"http:\/\/marinesconseil.fr\/?page_id=519\">Pilotage de la r\u00e9daction technique<\/a><\/span><\/h6>\n<\/li>\n<li>\n<h6><span style=\"color: #000000;\"><a style=\"color: #000000;\" href=\"http:\/\/marinesconseil.fr\/?page_id=549\">Ing\u00e9nierie de formation<\/a><\/span><\/h6>\n<\/li>\n<\/ul>\n<\/li>\n<\/ul>\n<\/li>\n<\/ul>\n<\/li>\n<\/ul>\n<\/li>\n<\/ul>\n<\/li>\n<\/ul>\n<\/li>\n<\/ul>\n<\/li>\n<\/ul>\n<\/li>\n<\/ul>\n<\/li>\n<\/ul>\n<\/li>\n<\/ul>\n<\/li>\n<\/ul>\n<h5><\/h5>\n<p>&nbsp;<\/p>\n<p>&nbsp;<\/p>\n","protected":false},"excerpt":{"rendered":"<p>Marines Conseil partage son exp\u00e9rience, en proposant \u00e0 votre entreprise, ainsi qu&rsquo;\u00e0 vos collaborateurs, une gamme vari\u00e9e de conseils personnalis\u00e9s et adapt\u00e9s \u00e0 vos produits. Ces services sont propos\u00e9s pour les activit\u00e9s suivantes: Marketing Proposition commerciale Pilotage de projets techniques et industriels Pilotage de la r\u00e9daction technique Ing\u00e9nierie de formation &nbsp; &nbsp;<\/p>\n","protected":false},"author":1,"featured_media":0,"parent":0,"menu_order":0,"comment_status":"closed","ping_status":"closed","template":"","meta":{"footnotes":""},"class_list":["post-384","page","type-page","status-publish","hentry"],"_links":{"self":[{"href":"https:\/\/marinesconseil.fr\/index.php?rest_route=\/wp\/v2\/pages\/384","targetHints":{"allow":["GET"]}}],"collection":[{"href":"https:\/\/marinesconseil.fr\/index.php?rest_route=\/wp\/v2\/pages"}],"about":[{"href":"https:\/\/marinesconseil.fr\/index.php?rest_route=\/wp\/v2\/types\/page"}],"author":[{"embeddable":true,"href":"https:\/\/marinesconseil.fr\/index.php?rest_route=\/wp\/v2\/users\/1"}],"replies":[{"embeddable":true,"href":"https:\/\/marinesconseil.fr\/index.php?rest_route=%2Fwp%2Fv2%2Fcomments&post=384"}],"version-history":[{"count":20,"href":"https:\/\/marinesconseil.fr\/index.php?rest_route=\/wp\/v2\/pages\/384\/revisions"}],"predecessor-version":[{"id":1644,"href":"https:\/\/marinesconseil.fr\/index.php?rest_route=\/wp\/v2\/pages\/384\/revisions\/1644"}],"wp:attachment":[{"href":"https:\/\/marinesconseil.fr\/index.php?rest_route=%2Fwp%2Fv2%2Fmedia&parent=384"}],"curies":[{"name":"wp","href":"https:\/\/api.w.org\/{rel}","templated":true}]}}