{"id":380,"date":"2019-11-18T20:34:39","date_gmt":"2019-11-18T19:34:39","guid":{"rendered":"http:\/\/marinesconseil.fr\/?page_id=380"},"modified":"2020-05-03T09:00:33","modified_gmt":"2020-05-03T07:00:33","slug":"expertise-avant-achat-vente-2","status":"publish","type":"page","link":"https:\/\/marinesconseil.fr\/?page_id=380","title":{"rendered":"Expertise avant vente, pr\u00e9-achat et apr\u00e8s achat"},"content":{"rendered":"<h5 style=\"text-align: justify;\"><img loading=\"lazy\" decoding=\"async\" class=\"wp-image-1307 alignleft\" src=\"http:\/\/marinesconseil.fr\/wp-content\/uploads\/2020\/04\/bateau-a-vendre-1-300x202.jpg\" alt=\"\" width=\"233\" height=\"157\" srcset=\"https:\/\/marinesconseil.fr\/wp-content\/uploads\/2020\/04\/bateau-a-vendre-1-300x202.jpg 300w, https:\/\/marinesconseil.fr\/wp-content\/uploads\/2020\/04\/bateau-a-vendre-1.jpg 485w\" sizes=\"auto, (max-width: 233px) 100vw, 233px\" \/>L&rsquo;expertise par un professionnel avant la vente ou l\u2019achat d&rsquo;un voilier comme d&rsquo;un navire \u00e0 moteur est une \u00e9tape importante de votre d\u00e9marche.<\/h5>\n<h5 style=\"text-align: justify;\">L&rsquo;inspection d\u00e9taill\u00e9e du navire vous donnera une vision ind\u00e9pendante et factuelle de son l&rsquo;\u00e9tat, du niveau d&rsquo;entretien des \u00e9quipements et de sa valeur.<\/h5>\n<h6 style=\"text-align: justify;\"><em><strong>Marines Conseil <\/strong><\/em>vous accompagne dans votre d\u00e9marche en r\u00e9alisant les expertises avant vente, pr\u00e9-achat ou apr\u00e8s achat de voiliers, de navires \u00e0 moteur, de plaisance ou professionnels.<\/h6>\n<h6 style=\"text-align: justify;\">Expertise avant vente<\/h6>\n<p style=\"text-align: justify;\"><img loading=\"lazy\" decoding=\"async\" class=\"alignright wp-image-1319\" src=\"http:\/\/marinesconseil.fr\/wp-content\/uploads\/2020\/04\/vedette-300x169.jpg\" alt=\"\" width=\"235\" height=\"132\" srcset=\"https:\/\/marinesconseil.fr\/wp-content\/uploads\/2020\/04\/vedette-300x169.jpg 300w, https:\/\/marinesconseil.fr\/wp-content\/uploads\/2020\/04\/vedette-1024x577.jpg 1024w, https:\/\/marinesconseil.fr\/wp-content\/uploads\/2020\/04\/vedette-768x432.jpg 768w, https:\/\/marinesconseil.fr\/wp-content\/uploads\/2020\/04\/vedette-1160x653.jpg 1160w, https:\/\/marinesconseil.fr\/wp-content\/uploads\/2020\/04\/vedette-600x338.jpg 600w, https:\/\/marinesconseil.fr\/wp-content\/uploads\/2020\/04\/vedette.jpg 1462w\" sizes=\"auto, (max-width: 235px) 100vw, 235px\" \/>L<span style=\"color: #000000;\">&lsquo;<a style=\"color: #000000;\" href=\"http:\/\/marinesconseil.fr\/?page_id=1325\"><strong>expertise avant la vente<\/strong><\/a><\/span> de votre bateau, sur la base du rapport d\u00e9taill\u00e9, vous sert \u00e0 \u00e9valuer son prix, en fonction du march\u00e9. Il vous permet, alors, de vendre votre navire en toute transparence et sa pr\u00e9sentation instaure une relation saine et de confiance avec l&rsquo;acqu\u00e9reur potentiel.<\/p>\n<h6>Expertise pr\u00e9-achat et apr\u00e8s achat<\/h6>\n<p>Parmi les nombreuses annonces de vente de bateau, l&rsquo;une d&rsquo;entre elles a retenu votre attention. Avant de finaliser l&rsquo;acquisition,<em><strong> Marines Conseil<\/strong><\/em> vous propose de proc\u00e9der \u00e0 une<span style=\"color: #000000;\"><a style=\"color: #000000;\" href=\"http:\/\/marinesconseil.fr\/?page_id=1328\"><strong> expertise pr\u00e9-achat<\/strong>.<\/a><\/span><\/p>\n<p><img loading=\"lazy\" decoding=\"async\" class=\"alignright wp-image-1322\" src=\"http:\/\/marinesconseil.fr\/wp-content\/uploads\/2020\/04\/trad2.jpg\" alt=\"\" width=\"235\" height=\"153\" \/>Cette expertise donne lieu \u00e0 un rapport d\u00e9taill\u00e9 et illustr\u00e9 (coque, pont, am\u00e9nagement, \u00e9quipements, m\u00e2t, moteur&#8230;)\u00a0 qui vous permet de mesurer l&rsquo;\u00e9tat du bateau et la qualit\u00e9 de son entretien. Vous disposez ainsi d&rsquo;un outil de d\u00e9cision, pour vous guider dans votre achat, \u00e9valuer d&rsquo;\u00e9ventuels travaux de remise en \u00e9tat et faire une offre de prix en cons\u00e9quence.<\/p>\n<p>Id\u00e9alement, l&rsquo;expertise est r\u00e9alis\u00e9e en votre pr\u00e9sence, n\u00e9anmoins <strong>vous pouvez \u00e9galement nous solliciter dans le cadre d&rsquo;un achat \u00e0 distance<\/strong>.<\/p>\n<p><span style=\"color: #000000;\"><a style=\"color: #000000;\" href=\"http:\/\/marinesconseil.fr\/?page_id=1328\"><strong>Apr\u00e8s un achat<\/strong><\/a><\/span>, en cas de litige, <em><strong>Marines Conseil<\/strong><\/em> peut \u00e9galement, proc\u00e9der \u00e0 l&rsquo;expertise du navire et mentionner dans un pr\u00e9-rapport les points litigieux observ\u00e9s. Ce document factuel et impartial, vous permettra de contacter le vendeur, afin de rechercher une solution.<\/p>\n","protected":false},"excerpt":{"rendered":"<p>L&rsquo;expertise par un professionnel avant la vente ou l\u2019achat d&rsquo;un voilier comme d&rsquo;un navire \u00e0 moteur est une \u00e9tape importante de votre d\u00e9marche. L&rsquo;inspection d\u00e9taill\u00e9e du navire vous donnera une vision ind\u00e9pendante et factuelle de son l&rsquo;\u00e9tat, du niveau d&rsquo;entretien des \u00e9quipements et de sa valeur. Marines Conseil vous accompagne dans votre d\u00e9marche en r\u00e9alisant [&hellip;]<\/p>\n","protected":false},"author":1,"featured_media":0,"parent":0,"menu_order":0,"comment_status":"closed","ping_status":"closed","template":"","meta":{"footnotes":""},"class_list":["post-380","page","type-page","status-publish","hentry"],"_links":{"self":[{"href":"https:\/\/marinesconseil.fr\/index.php?rest_route=\/wp\/v2\/pages\/380","targetHints":{"allow":["GET"]}}],"collection":[{"href":"https:\/\/marinesconseil.fr\/index.php?rest_route=\/wp\/v2\/pages"}],"about":[{"href":"https:\/\/marinesconseil.fr\/index.php?rest_route=\/wp\/v2\/types\/page"}],"author":[{"embeddable":true,"href":"https:\/\/marinesconseil.fr\/index.php?rest_route=\/wp\/v2\/users\/1"}],"replies":[{"embeddable":true,"href":"https:\/\/marinesconseil.fr\/index.php?rest_route=%2Fwp%2Fv2%2Fcomments&post=380"}],"version-history":[{"count":26,"href":"https:\/\/marinesconseil.fr\/index.php?rest_route=\/wp\/v2\/pages\/380\/revisions"}],"predecessor-version":[{"id":1747,"href":"https:\/\/marinesconseil.fr\/index.php?rest_route=\/wp\/v2\/pages\/380\/revisions\/1747"}],"wp:attachment":[{"href":"https:\/\/marinesconseil.fr\/index.php?rest_route=%2Fwp%2Fv2%2Fmedia&parent=380"}],"curies":[{"name":"wp","href":"https:\/\/api.w.org\/{rel}","templated":true}]}}