{"id":326,"date":"2019-11-18T18:47:03","date_gmt":"2019-11-18T17:47:03","guid":{"rendered":"http:\/\/marinesconseil.fr\/?page_id=326"},"modified":"2020-05-09T13:38:11","modified_gmt":"2020-05-09T11:38:11","slug":"conseil-naval","status":"publish","type":"page","link":"https:\/\/marinesconseil.fr\/?page_id=326","title":{"rendered":"Conseil Naval"},"content":{"rendered":"<h5 style=\"text-align: justify;\"><em><img loading=\"lazy\" decoding=\"async\" class=\" wp-image-1588 alignleft\" src=\"http:\/\/marinesconseil.fr\/wp-content\/uploads\/2020\/05\/conseil3.jpg\" alt=\"\" width=\"171\" height=\"176\" \/>Marines conseil <\/em>met \u00e0 votre disposition son savoir-faire et son exp\u00e9rience, pour vous conseiller dans le domaine naval et subaquatique.<\/h5>\n<h5 style=\"text-align: justify;\">Ce service s&rsquo;adresse principalement aux:<img loading=\"lazy\" decoding=\"async\" class=\"wp-image-807 aligncenter\" src=\"http:\/\/marinesconseil.fr\/wp-content\/uploads\/2020\/04\/image-blanche-300x184.png\" alt=\"\" width=\"18\" height=\"11\" srcset=\"https:\/\/marinesconseil.fr\/wp-content\/uploads\/2020\/04\/image-blanche-300x184.png 300w, https:\/\/marinesconseil.fr\/wp-content\/uploads\/2020\/04\/image-blanche.png 315w\" sizes=\"auto, (max-width: 18px) 100vw, 18px\" \/><\/h5>\n<h5><img loading=\"lazy\" decoding=\"async\" class=\"alignright wp-image-1562\" src=\"http:\/\/marinesconseil.fr\/wp-content\/uploads\/2020\/05\/AUV-1-300x226.jpg\" alt=\"\" width=\"180\" height=\"135\" srcset=\"https:\/\/marinesconseil.fr\/wp-content\/uploads\/2020\/05\/AUV-1-300x226.jpg 300w, https:\/\/marinesconseil.fr\/wp-content\/uploads\/2020\/05\/AUV-1.jpg 504w\" sizes=\"auto, (max-width: 180px) 100vw, 180px\" \/><\/h5>\n<p>&nbsp;<\/p>\n<ul>\n<li><span style=\"color: #000000;\"><a style=\"color: #000000;\" href=\"http:\/\/marinesconseil.fr\/?page_id=384\">Entreprises<\/a><\/span>, en particulier celles de la D\u00e9fense, qui con\u00e7oivent ou assemblent des produits comme des drones sous-marin (AUV), des syst\u00e8mes de communication acoustique sous marine, des \u00e9quipements de plong\u00e9e pour la lutte contre les mines ou qui assurent des formations dans le domaine maritime&#8230;;<img loading=\"lazy\" decoding=\"async\" class=\"wp-image-807 aligncenter\" src=\"http:\/\/marinesconseil.fr\/wp-content\/uploads\/2020\/04\/image-blanche-300x184.png\" alt=\"\" width=\"117\" height=\"72\" srcset=\"https:\/\/marinesconseil.fr\/wp-content\/uploads\/2020\/04\/image-blanche-300x184.png 300w, https:\/\/marinesconseil.fr\/wp-content\/uploads\/2020\/04\/image-blanche.png 315w\" sizes=\"auto, (max-width: 117px) 100vw, 117px\" \/><img loading=\"lazy\" decoding=\"async\" class=\"alignright wp-image-1564\" src=\"http:\/\/marinesconseil.fr\/wp-content\/uploads\/2020\/05\/amphidrome-300x225.jpg\" alt=\"\" width=\"180\" height=\"135\" srcset=\"https:\/\/marinesconseil.fr\/wp-content\/uploads\/2020\/05\/amphidrome-300x225.jpg 300w, https:\/\/marinesconseil.fr\/wp-content\/uploads\/2020\/05\/amphidrome-1024x768.jpg 1024w, https:\/\/marinesconseil.fr\/wp-content\/uploads\/2020\/05\/amphidrome-768x576.jpg 768w, https:\/\/marinesconseil.fr\/wp-content\/uploads\/2020\/05\/amphidrome-600x450.jpg 600w, https:\/\/marinesconseil.fr\/wp-content\/uploads\/2020\/05\/amphidrome.jpg 1030w\" sizes=\"auto, (max-width: 180px) 100vw, 180px\" \/><\/li>\n<li>Particuliers ou aux collectivit\u00e9s dans le cadre du <span style=\"color: #000000;\"><a style=\"color: #000000;\" href=\"http:\/\/marinesconseil.fr\/?page_id=618\">suivi de chantier<\/a><\/span> de r\u00e9paration ou de construction d&rsquo;un navire, d&rsquo;une barge, d&rsquo;un bac&#8230; d&rsquo;une infrastructure ou d&rsquo;un ouvrage d&rsquo;art;<img loading=\"lazy\" decoding=\"async\" class=\"wp-image-807 aligncenter\" src=\"http:\/\/marinesconseil.fr\/wp-content\/uploads\/2020\/04\/image-blanche-300x184.png\" alt=\"\" width=\"13\" height=\"8\" srcset=\"https:\/\/marinesconseil.fr\/wp-content\/uploads\/2020\/04\/image-blanche-300x184.png 300w, https:\/\/marinesconseil.fr\/wp-content\/uploads\/2020\/04\/image-blanche.png 315w\" sizes=\"auto, (max-width: 13px) 100vw, 13px\" \/><\/li>\n<li>Assurances et mutuelles pour toutes les <span style=\"color: #000000;\"><a style=\"color: #000000;\" href=\"http:\/\/marinesconseil.fr\/?page_id=401\">op\u00e9rations d&rsquo;assistance<\/a><\/span> apr\u00e8s sinistre (retirement, renflouement d&rsquo;\u00e9pave, &#8230;)<img loading=\"lazy\" decoding=\"async\" class=\"wp-image-807 aligncenter\" src=\"http:\/\/marinesconseil.fr\/wp-content\/uploads\/2020\/04\/image-blanche-300x184.png\" alt=\"\" width=\"159\" height=\"98\" srcset=\"https:\/\/marinesconseil.fr\/wp-content\/uploads\/2020\/04\/image-blanche-300x184.png 300w, https:\/\/marinesconseil.fr\/wp-content\/uploads\/2020\/04\/image-blanche.png 315w\" sizes=\"auto, (max-width: 159px) 100vw, 159px\" \/><img loading=\"lazy\" decoding=\"async\" class=\"alignright wp-image-1410\" src=\"http:\/\/marinesconseil.fr\/wp-content\/uploads\/2020\/04\/convoyage-routier-6-300x146.jpeg\" alt=\"\" width=\"180\" height=\"88\" srcset=\"https:\/\/marinesconseil.fr\/wp-content\/uploads\/2020\/04\/convoyage-routier-6-300x146.jpeg 300w, https:\/\/marinesconseil.fr\/wp-content\/uploads\/2020\/04\/convoyage-routier-6.jpeg 512w\" sizes=\"auto, (max-width: 180px) 100vw, 180px\" \/><\/li>\n<li>Particuliers et aux entreprises pour la <span style=\"color: #000000;\"><a style=\"color: #000000;\" href=\"http:\/\/marinesconseil.fr\/?page_id=618\">surveillance du chargement\u00a0<\/a><\/span> d&rsquo;un navire avant convoyage routier ou de marchandise \u00e0 l\u2019exportation en vrac ou en soute par voie maritime. <em><strong>Marines<\/strong><\/em><em><strong>\u00a0<\/strong><\/em><em><strong>Conseil <\/strong><\/em>r\u00e9alise \u00e9galement les <strong>\u00ab\u00a0toilette de mer\u00a0\u00bb<\/strong> des barges de transport de vos produit (ex: \u00e9olienne et autres EMR&#8230;);<img loading=\"lazy\" decoding=\"async\" class=\"wp-image-807 aligncenter\" src=\"http:\/\/marinesconseil.fr\/wp-content\/uploads\/2020\/04\/image-blanche-300x184.png\" alt=\"\" width=\"98\" height=\"60\" srcset=\"https:\/\/marinesconseil.fr\/wp-content\/uploads\/2020\/04\/image-blanche-300x184.png 300w, https:\/\/marinesconseil.fr\/wp-content\/uploads\/2020\/04\/image-blanche.png 315w\" sizes=\"auto, (max-width: 98px) 100vw, 98px\" \/><\/li>\n<li><img loading=\"lazy\" decoding=\"async\" class=\"alignright wp-image-292\" src=\"http:\/\/marinesconseil.fr\/wp-content\/uploads\/2019\/11\/maree-noire-1-300x169.jpg\" alt=\"\" width=\"180\" height=\"101\" srcset=\"https:\/\/marinesconseil.fr\/wp-content\/uploads\/2019\/11\/maree-noire-1-300x169.jpg 300w, https:\/\/marinesconseil.fr\/wp-content\/uploads\/2019\/11\/maree-noire-1-600x338.jpg 600w, https:\/\/marinesconseil.fr\/wp-content\/uploads\/2019\/11\/maree-noire-1.jpg 640w\" sizes=\"auto, (max-width: 180px) 100vw, 180px\" \/>Collectivit\u00e9s, organisation, entreprises ou services de l&rsquo;\u00e9tat dans le cadre de la <span style=\"color: #000000;\"><a style=\"color: #000000;\" href=\"http:\/\/marinesconseil.fr\/?page_id=404\">protection de l&rsquo;environnement<\/a><\/span> comme la lutte contre la pollution ou contre les effets des explosions sous marines et autres nuisances sonores (technique du rideau de bulles);<\/li>\n<li><img loading=\"lazy\" decoding=\"async\" class=\"wp-image-807 aligncenter\" src=\"http:\/\/marinesconseil.fr\/wp-content\/uploads\/2020\/04\/image-blanche-300x184.png\" alt=\"\" width=\"118\" height=\"72\" srcset=\"https:\/\/marinesconseil.fr\/wp-content\/uploads\/2020\/04\/image-blanche-300x184.png 300w, https:\/\/marinesconseil.fr\/wp-content\/uploads\/2020\/04\/image-blanche.png 315w\" sizes=\"auto, (max-width: 118px) 100vw, 118px\" \/><img loading=\"lazy\" decoding=\"async\" class=\"alignright wp-image-1596\" src=\"http:\/\/marinesconseil.fr\/wp-content\/uploads\/2020\/05\/suret\u00e9-portuaire-300x202.jpg\" alt=\"\" width=\"180\" height=\"121\" srcset=\"https:\/\/marinesconseil.fr\/wp-content\/uploads\/2020\/05\/suret\u00e9-portuaire-300x202.jpg 300w, https:\/\/marinesconseil.fr\/wp-content\/uploads\/2020\/05\/suret\u00e9-portuaire-1024x688.jpg 1024w, https:\/\/marinesconseil.fr\/wp-content\/uploads\/2020\/05\/suret\u00e9-portuaire-768x516.jpg 768w, https:\/\/marinesconseil.fr\/wp-content\/uploads\/2020\/05\/suret\u00e9-portuaire-1536x1032.jpg 1536w, https:\/\/marinesconseil.fr\/wp-content\/uploads\/2020\/05\/suret\u00e9-portuaire-600x403.jpg 600w, https:\/\/marinesconseil.fr\/wp-content\/uploads\/2020\/05\/suret\u00e9-portuaire.jpg 2000w\" sizes=\"auto, (max-width: 180px) 100vw, 180px\" \/>Ports maritimes et fluviaux, ainsi qu&rsquo;aux compagnies maritimes dans le cadre de leur <span style=\"color: #000000;\"><a style=\"color: #000000;\" href=\"http:\/\/marinesconseil.fr\/?page_id=410\">suret\u00e9 (ISPS)<\/a><\/span><\/li>\n<\/ul>\n","protected":false},"excerpt":{"rendered":"<p>Marines conseil met \u00e0 votre disposition son savoir-faire et son exp\u00e9rience, pour vous conseiller dans le domaine naval et subaquatique. Ce service s&rsquo;adresse principalement aux: &nbsp; Entreprises, en particulier celles de la D\u00e9fense, qui con\u00e7oivent ou assemblent des produits comme des drones sous-marin (AUV), des syst\u00e8mes de communication acoustique sous marine, des \u00e9quipements de plong\u00e9e [&hellip;]<\/p>\n","protected":false},"author":1,"featured_media":0,"parent":0,"menu_order":0,"comment_status":"closed","ping_status":"closed","template":"","meta":{"footnotes":""},"class_list":["post-326","page","type-page","status-publish","hentry"],"_links":{"self":[{"href":"https:\/\/marinesconseil.fr\/index.php?rest_route=\/wp\/v2\/pages\/326","targetHints":{"allow":["GET"]}}],"collection":[{"href":"https:\/\/marinesconseil.fr\/index.php?rest_route=\/wp\/v2\/pages"}],"about":[{"href":"https:\/\/marinesconseil.fr\/index.php?rest_route=\/wp\/v2\/types\/page"}],"author":[{"embeddable":true,"href":"https:\/\/marinesconseil.fr\/index.php?rest_route=\/wp\/v2\/users\/1"}],"replies":[{"embeddable":true,"href":"https:\/\/marinesconseil.fr\/index.php?rest_route=%2Fwp%2Fv2%2Fcomments&post=326"}],"version-history":[{"count":63,"href":"https:\/\/marinesconseil.fr\/index.php?rest_route=\/wp\/v2\/pages\/326\/revisions"}],"predecessor-version":[{"id":1940,"href":"https:\/\/marinesconseil.fr\/index.php?rest_route=\/wp\/v2\/pages\/326\/revisions\/1940"}],"wp:attachment":[{"href":"https:\/\/marinesconseil.fr\/index.php?rest_route=%2Fwp%2Fv2%2Fmedia&parent=326"}],"curies":[{"name":"wp","href":"https:\/\/api.w.org\/{rel}","templated":true}]}}