{"id":324,"date":"2019-11-18T18:47:03","date_gmt":"2019-11-18T17:47:03","guid":{"rendered":"http:\/\/marinesconseil.fr\/?page_id=324"},"modified":"2020-05-01T12:30:06","modified_gmt":"2020-05-01T10:30:06","slug":"expertise-maritime","status":"publish","type":"page","link":"https:\/\/marinesconseil.fr\/?page_id=324","title":{"rendered":"Expertise Maritime"},"content":{"rendered":"<h4><strong><em><img loading=\"lazy\" decoding=\"async\" class=\"size-medium wp-image-1449 alignleft\" src=\"http:\/\/marinesconseil.fr\/wp-content\/uploads\/2020\/04\/expert-300x168.jpg\" alt=\"\" width=\"300\" height=\"168\" srcset=\"https:\/\/marinesconseil.fr\/wp-content\/uploads\/2020\/04\/expert-300x168.jpg 300w, https:\/\/marinesconseil.fr\/wp-content\/uploads\/2020\/04\/expert.jpg 481w\" sizes=\"auto, (max-width: 300px) 100vw, 300px\" \/>Marines Conseil <\/em><\/strong>met \u00e0 votre disposition son savoir-faire et son exp\u00e9rience, en menant les expertises suivantes:<\/h4>\n<h4><\/h4>\n<ul>\n<li style=\"list-style-type: none;\">\n<ul>\n<li style=\"list-style-type: none;\">\n<ul>\n<li style=\"list-style-type: none;\">\n<ul>\n<li style=\"list-style-type: none;\">\n<ul>\n<li style=\"list-style-type: none;\">\n<ul>\n<li style=\"list-style-type: none;\">\n<ul>\n<li style=\"list-style-type: none;\">\n<ul>\n<li style=\"list-style-type: none;\">\n<ul>\n<li style=\"list-style-type: none;\">\n<ul>\n<li style=\"list-style-type: none;\">\n<ul>\n<li style=\"list-style-type: none;\">\n<ul>\n<li style=\"list-style-type: none;\">\n<ul>\n<li style=\"list-style-type: none;\">\n<ul>\n<li>\n<h6><span style=\"color: #000000;\"><a style=\"color: #000000;\" href=\"http:\/\/marinesconseil.fr\/?page_id=380\">Expertise avant achat\/vente<\/a><\/span><\/h6>\n<\/li>\n<li>\n<h6><span style=\"color: #000000;\"><a style=\"color: #000000;\" href=\"http:\/\/marinesconseil.fr\/?page_id=381\">Expertise pr\u00e9-assurance<\/a><\/span><\/h6>\n<\/li>\n<li>\n<h6><span style=\"color: #000000;\"><a style=\"color: #000000;\" href=\"http:\/\/marinesconseil.fr\/?page_id=382\">Expertise apr\u00e8s sinistre<\/a><\/span><\/h6>\n<\/li>\n<li>\n<h6><span style=\"text-decoration: underline;\"><span style=\"color: #000000;\"><a style=\"color: #000000; text-decoration: underline;\" href=\"http:\/\/marinesconseil.fr\/?page_id=408\">Expertise de partie (unilat\u00e9rale)<\/a><\/span><\/span><\/h6>\n<\/li>\n<li>\n<h6><span style=\"color: #000000;\"><a style=\"color: #000000;\" href=\"http:\/\/marinesconseil.fr\/?page_id=407\">Expertise amiable contradictoire<\/a><\/span><\/h6>\n<\/li>\n<\/ul>\n<\/li>\n<\/ul>\n<\/li>\n<\/ul>\n<\/li>\n<\/ul>\n<\/li>\n<\/ul>\n<\/li>\n<\/ul>\n<\/li>\n<\/ul>\n<\/li>\n<\/ul>\n<\/li>\n<\/ul>\n<\/li>\n<\/ul>\n<\/li>\n<\/ul>\n<\/li>\n<\/ul>\n<\/li>\n<\/ul>\n<\/li>\n<\/ul>\n","protected":false},"excerpt":{"rendered":"<p>Marines Conseil met \u00e0 votre disposition son savoir-faire et son exp\u00e9rience, en menant les expertises suivantes: Expertise avant achat\/vente Expertise pr\u00e9-assurance Expertise apr\u00e8s sinistre Expertise de partie (unilat\u00e9rale) Expertise amiable contradictoire<\/p>\n","protected":false},"author":1,"featured_media":0,"parent":0,"menu_order":0,"comment_status":"closed","ping_status":"closed","template":"","meta":{"footnotes":""},"class_list":["post-324","page","type-page","status-publish","hentry"],"_links":{"self":[{"href":"https:\/\/marinesconseil.fr\/index.php?rest_route=\/wp\/v2\/pages\/324","targetHints":{"allow":["GET"]}}],"collection":[{"href":"https:\/\/marinesconseil.fr\/index.php?rest_route=\/wp\/v2\/pages"}],"about":[{"href":"https:\/\/marinesconseil.fr\/index.php?rest_route=\/wp\/v2\/types\/page"}],"author":[{"embeddable":true,"href":"https:\/\/marinesconseil.fr\/index.php?rest_route=\/wp\/v2\/users\/1"}],"replies":[{"embeddable":true,"href":"https:\/\/marinesconseil.fr\/index.php?rest_route=%2Fwp%2Fv2%2Fcomments&post=324"}],"version-history":[{"count":24,"href":"https:\/\/marinesconseil.fr\/index.php?rest_route=\/wp\/v2\/pages\/324\/revisions"}],"predecessor-version":[{"id":1554,"href":"https:\/\/marinesconseil.fr\/index.php?rest_route=\/wp\/v2\/pages\/324\/revisions\/1554"}],"wp:attachment":[{"href":"https:\/\/marinesconseil.fr\/index.php?rest_route=%2Fwp%2Fv2%2Fmedia&parent=324"}],"curies":[{"name":"wp","href":"https:\/\/api.w.org\/{rel}","templated":true}]}}