{"id":1764,"date":"2020-05-03T10:51:56","date_gmt":"2020-05-03T08:51:56","guid":{"rendered":"http:\/\/marinesconseil.fr\/?page_id=1764"},"modified":"2021-01-17T10:38:16","modified_gmt":"2021-01-17T09:38:16","slug":"tarification","status":"publish","type":"page","link":"https:\/\/marinesconseil.fr\/?page_id=1764","title":{"rendered":"Informations &#8211; Tarifs"},"content":{"rendered":"<h5 style=\"text-align: justify;\"><img loading=\"lazy\" decoding=\"async\" class=\"wp-image-1880 alignleft\" src=\"http:\/\/marinesconseil.fr\/wp-content\/uploads\/2020\/05\/phare-300x200.jpg\" alt=\"\" width=\"322\" height=\"214\" srcset=\"https:\/\/marinesconseil.fr\/wp-content\/uploads\/2020\/05\/phare-300x200.jpg 300w, https:\/\/marinesconseil.fr\/wp-content\/uploads\/2020\/05\/phare-1024x682.jpg 1024w, https:\/\/marinesconseil.fr\/wp-content\/uploads\/2020\/05\/phare-768x512.jpg 768w, https:\/\/marinesconseil.fr\/wp-content\/uploads\/2020\/05\/phare-600x400.jpg 600w, https:\/\/marinesconseil.fr\/wp-content\/uploads\/2020\/05\/phare.jpg 1136w\" sizes=\"auto, (max-width: 322px) 100vw, 322px\" \/><\/h5>\n<h5 style=\"text-align: justify;\">Vous souhaitez \u00eatre davantage \u00e9clair\u00e9 sur nos services, nous faire appel, connaitre nos tarifs &#8230;<\/h5>\n<h5 style=\"text-align: center;\"><\/h5>\n<h5 style=\"text-align: center;\">\u00a0\u00a0\u00a0\u00a0\u00a0\u00a0\u00a0 Contactez nous par courriel ou t\u00e9l\u00e9phone:<\/h5>\n<h5 style=\"padding-left: 360px; text-align: justify;\"><img loading=\"lazy\" decoding=\"async\" class=\"wp-image-1884 aligncenter\" src=\"http:\/\/marinesconseil.fr\/wp-content\/uploads\/2020\/05\/telephone.png\" alt=\"\" width=\"56\" height=\"37\" \/> \u00a0\u00a0\u00a0\u00a0\u00a0\u00a0\u00a0\u00a0\u00a0\u00a0\u00a0\u00a0\u00a0\u00a0\u00a0\u00a0\u00a0\u00a0\u00a0\u00a0\u00a0\u00a0\u00a0\u00a0\u00a0\u00a0\u00a0\u00a0\u00a0\u00a0\u00a0\u00a0\u00a0\u00a0\u00a0 \u00a0\u00a0\u00a0\u00a0\u00a0\u00a0\u00a0\u00a0\u00a0\u00a0\u00a0\u00a0\u00a0\u00a0\u00a0\u00a0\u00a0\u00a0\u00a0\u00a0\u00a0\u00a0\u00a0\u00a0\u00a0\u00a0\u00a0\u00a0\u00a0\u00a0\u00a0\u00a0\u00a0\u00a0 06 99 63 48 73<\/h5>\n<h5 style=\"text-align: justify;\"><\/h5>\n<h5 style=\"padding-left: 360px; text-align: justify;\"><img loading=\"lazy\" decoding=\"async\" class=\"wp-image-1883 aligncenter\" src=\"http:\/\/marinesconseil.fr\/wp-content\/uploads\/2020\/05\/courriel.png\" alt=\"\" width=\"45\" height=\"45\" srcset=\"https:\/\/marinesconseil.fr\/wp-content\/uploads\/2020\/05\/courriel.png 225w, https:\/\/marinesconseil.fr\/wp-content\/uploads\/2020\/05\/courriel-150x150.png 150w\" sizes=\"auto, (max-width: 45px) 100vw, 45px\" \/> \u00a0\u00a0\u00a0\u00a0\u00a0\u00a0\u00a0\u00a0\u00a0\u00a0\u00a0\u00a0\u00a0\u00a0\u00a0\u00a0\u00a0\u00a0\u00a0\u00a0\u00a0 \u00a0 \u00a0 \u00a0 \u00a0 \u00a0 \u00a0 \u00a0 \u00a0 \u00a0 \u00a0 \u00a0 \u00a0 \u00a0 \u00a0 \u00a0 \u00a0 \u00a0 \u00a0 \u00a0 <span style=\"color: #000000;\"><a style=\"color: #000000;\" href=\"mailto:contact@marinesconseil.fr\">contact@marinesconseil.fr<\/a><\/span><\/h5>\n<h5><\/h5>\n<p>&nbsp;<\/p>\n<h5><img loading=\"lazy\" decoding=\"async\" class=\"wp-image-1894 alignleft\" src=\"http:\/\/marinesconseil.fr\/wp-content\/uploads\/2020\/05\/paiement1.png\" alt=\"\" width=\"120\" height=\"92\" \/><\/h5>\n<p><span style=\"color: #000000;\"><strong>Nous ne disposons pas de grille tarifaire, car chaque intervention est sp\u00e9cifique. Nous r\u00e9alisons, pour chacune d&rsquo;entre elles, un devis particularis\u00e9.<\/strong><\/span><\/p>\n<p><span style=\"color: #000000;\"><strong>Les paiements sont effectu\u00e9s sur facture, par virement, ch\u00e8ques ou esp\u00e8ces. Un re\u00e7u vous sera adress\u00e9 dans les meilleurs d\u00e9lais.<\/strong><\/span><\/p>\n<h6><\/h6>\n<h6><\/h6>\n<p>&nbsp;<\/p>\n<p>&nbsp;<\/p>\n","protected":false},"excerpt":{"rendered":"<p>Vous souhaitez \u00eatre davantage \u00e9clair\u00e9 sur nos services, nous faire appel, connaitre nos tarifs &#8230; \u00a0\u00a0\u00a0\u00a0\u00a0\u00a0\u00a0 Contactez nous par courriel ou t\u00e9l\u00e9phone: \u00a0\u00a0\u00a0\u00a0\u00a0\u00a0\u00a0\u00a0\u00a0\u00a0\u00a0\u00a0\u00a0\u00a0\u00a0\u00a0\u00a0\u00a0\u00a0\u00a0\u00a0\u00a0\u00a0\u00a0\u00a0\u00a0\u00a0\u00a0\u00a0\u00a0\u00a0\u00a0\u00a0\u00a0\u00a0 \u00a0\u00a0\u00a0\u00a0\u00a0\u00a0\u00a0\u00a0\u00a0\u00a0\u00a0\u00a0\u00a0\u00a0\u00a0\u00a0\u00a0\u00a0\u00a0\u00a0\u00a0\u00a0\u00a0\u00a0\u00a0\u00a0\u00a0\u00a0\u00a0\u00a0\u00a0\u00a0\u00a0\u00a0 06 99 63 48 73 \u00a0\u00a0\u00a0\u00a0\u00a0\u00a0\u00a0\u00a0\u00a0\u00a0\u00a0\u00a0\u00a0\u00a0\u00a0\u00a0\u00a0\u00a0\u00a0\u00a0\u00a0 \u00a0 \u00a0 \u00a0 \u00a0 \u00a0 \u00a0 \u00a0 \u00a0 \u00a0 \u00a0 \u00a0 \u00a0 \u00a0 \u00a0 \u00a0 \u00a0 \u00a0 \u00a0 \u00a0 contact@marinesconseil.fr &nbsp; Nous ne disposons pas [&hellip;]<\/p>\n","protected":false},"author":1,"featured_media":0,"parent":0,"menu_order":0,"comment_status":"closed","ping_status":"closed","template":"","meta":{"footnotes":""},"class_list":["post-1764","page","type-page","status-publish","hentry"],"_links":{"self":[{"href":"https:\/\/marinesconseil.fr\/index.php?rest_route=\/wp\/v2\/pages\/1764","targetHints":{"allow":["GET"]}}],"collection":[{"href":"https:\/\/marinesconseil.fr\/index.php?rest_route=\/wp\/v2\/pages"}],"about":[{"href":"https:\/\/marinesconseil.fr\/index.php?rest_route=\/wp\/v2\/types\/page"}],"author":[{"embeddable":true,"href":"https:\/\/marinesconseil.fr\/index.php?rest_route=\/wp\/v2\/users\/1"}],"replies":[{"embeddable":true,"href":"https:\/\/marinesconseil.fr\/index.php?rest_route=%2Fwp%2Fv2%2Fcomments&post=1764"}],"version-history":[{"count":34,"href":"https:\/\/marinesconseil.fr\/index.php?rest_route=\/wp\/v2\/pages\/1764\/revisions"}],"predecessor-version":[{"id":2069,"href":"https:\/\/marinesconseil.fr\/index.php?rest_route=\/wp\/v2\/pages\/1764\/revisions\/2069"}],"wp:attachment":[{"href":"https:\/\/marinesconseil.fr\/index.php?rest_route=%2Fwp%2Fv2%2Fmedia&parent=1764"}],"curies":[{"name":"wp","href":"https:\/\/api.w.org\/{rel}","templated":true}]}}