{"id":1509,"date":"2020-05-01T09:00:37","date_gmt":"2020-05-01T07:00:37","guid":{"rendered":"http:\/\/marinesconseil.fr\/?page_id=1509"},"modified":"2021-04-17T13:56:28","modified_gmt":"2021-04-17T11:56:28","slug":"1509-2","status":"publish","type":"page","link":"https:\/\/marinesconseil.fr\/?page_id=1509","title":{"rendered":"Votre expert maritime"},"content":{"rendered":"<blockquote>\n<h5 style=\"text-align: justify;\"><strong><span class=\"lt-line-clamp__raw-line\"><img loading=\"lazy\" decoding=\"async\" class=\"wp-image-344 alignleft\" src=\"http:\/\/marinesconseil.fr\/wp-content\/uploads\/2019\/11\/0-1.jpeg\" alt=\"\" width=\"187\" height=\"187\" srcset=\"https:\/\/marinesconseil.fr\/wp-content\/uploads\/2019\/11\/0-1.jpeg 200w, https:\/\/marinesconseil.fr\/wp-content\/uploads\/2019\/11\/0-1-150x150.jpeg 150w\" sizes=\"auto, (max-width: 187px) 100vw, 187px\" \/><\/span><em>Il y a trois sortes d&rsquo;hommes : les vivants, les morts, et ceux qui vont sur la mer. (Aristote)<\/em><\/strong><\/h5>\n<h6 style=\"text-align: justify;\"><span class=\"lt-line-clamp__raw-line\">Cette citation pr\u00eat\u00e9e \u00e0 <\/span><span class=\"lt-line-clamp__raw-line\">Aristote<\/span><span class=\"lt-line-clamp__raw-line\">, nous rappelle que le monde maritime est un environnement particulier, peupl\u00e9 par une communaut\u00e9, celle des \u00ab\u00a0gens de mer\u00a0\u00bb, d\u00e9veloppant <\/span><span class=\"lt-line-clamp__raw-line\">des usages et <\/span><span class=\"lt-line-clamp__raw-line\">des techniques sp\u00e9cifiques, dont la compr\u00e9hension est d\u00e9tenue par ceux qui le pratique assidument.<\/span><\/h6>\n<h5 style=\"text-align: justify;\"><strong>\u00a0<\/strong><\/h5>\n<\/blockquote>\n<p style=\"text-align: justify;\"><strong>\u00a0Philippe Ch\u00eane, expert maritime pour <em>Marines Conseil<\/em><\/strong><\/p>\n<p style=\"text-align: justify;\"><span style=\"color: #000000;\"><strong><img loading=\"lazy\" decoding=\"async\" class=\"wp-image-807 aligncenter\" src=\"http:\/\/marinesconseil.fr\/wp-content\/uploads\/2020\/04\/image-blanche-300x184.png\" alt=\"\" width=\"26\" height=\"16\" srcset=\"https:\/\/marinesconseil.fr\/wp-content\/uploads\/2020\/04\/image-blanche-300x184.png 300w, https:\/\/marinesconseil.fr\/wp-content\/uploads\/2020\/04\/image-blanche.png 315w\" sizes=\"auto, (max-width: 26px) 100vw, 26px\" \/>Marin et plongeur professionnels, depuis plus de trente ans,\u00a0 je mets aujourd&rsquo;hui, \u00e0 votre disposition, mon savoir-faire et mon exp\u00e9rience, pour vous accompagner comme expert maritime et vous conseiller dans le domaine naval et subaquatique.<\/strong><\/span><\/p>\n<p style=\"text-align: justify;\">La profession d&rsquo;expert maritime n&rsquo;est malheureusement pas r\u00e9glement\u00e9e et chacun peut se pr\u00e9tendre expert, sans justifier d&rsquo;une exp\u00e9rience suffisante \u00e0 la mer, ni m\u00eame des connaissances formelles, pour exercer ce m\u00e9tier. Ainsi, apr\u00e8s une carri\u00e8re passionnante et vari\u00e9e de marin et de commandant de navire, j&rsquo;ai voulu, avant tout, valoriser et compl\u00e9ter mes acquis professionnels, en passant le Dipl\u00f4me d&rsquo;Expert Maritime et Transport, d\u00e9livr\u00e9 par <span class=\"lt-line-clamp__raw-line\">l\u2019Universit\u00e9 du Havre &amp; l&rsquo;\u00c9cole Nationale Sup\u00e9rieure Maritime. <\/span><\/p>\n<p style=\"text-align: justify;\"><span class=\"lt-line-clamp__raw-line\">Je vous propose donc, un service de qualit\u00e9, bas\u00e9 sur le respect des principes et des r\u00e8gles attendus par les professionnels de la mer, les professions juridiques, les soci\u00e9t\u00e9s d&rsquo;assurances ou les mutuelles&#8230;<br \/>\n<\/span><\/p>\n<p style=\"text-align: justify;\">Je partage \u00e9galement mon exp\u00e9rience, en vous offrant, dans le domaine naval et subaquatique, des conseils personnalis\u00e9s et adapt\u00e9s \u00e0 vos besoins.<\/p>\n<p style=\"text-align: justify;\"><span style=\"color: #000000;\"><strong>Cursus et comp\u00e9tences professionnelles<\/strong><\/span><\/p>\n<p style=\"text-align: justify;\">J&rsquo;ai acquis ces comp\u00e9tences au cours d&rsquo;une carri\u00e8re riche<span class=\"lt-line-clamp__raw-line\"> d\u2019activit\u00e9s op\u00e9rationnelles et techniques \u00e0 travers le monde, comme officier de la Marine nationale, plongeur d\u00e9mineur et commandant de navire de combat, puis comme expert produit et chef de projet au sein d\u2019une entreprise de R&amp;D de l\u2019industrie navale <\/span><\/p>\n<p style=\"text-align: justify;\"><span class=\"lt-line-clamp__raw-line\">Elles concernent l&rsquo;environnement maritime en g\u00e9n\u00e9ral, en incluant notamment, des domaines tr\u00e8s vari\u00e9s, tels que la navigation, l&rsquo;entretien, le suivi technique des navires et de leurs installations, la gestion des sinistres et des secours en mer, la lutte contre les pollutions &#8230;. Elles rev\u00eatent aussi, des aspects plus technologiques ou sp\u00e9cifiques, comme la conception et la mise en \u0153uvre de drones sous marins (AUV), l\u2019acoustique sous marine (sonars, rideaux de bulles&#8230;), la plong\u00e9e (air, Nitrox, recycleurs), la suret\u00e9 maritime et portuaire, la lutte contre les mines et la neutralisation sous-marine des engins explosifs (EOD). \u00c9galement, <\/span>je dispose d\u2019une expertise reconnue depuis plus de 10 ans, en mati\u00e8re de formation, d&rsquo;entra\u00eenement et de conseil dans ces activit\u00e9s.<\/p>\n<p style=\"text-align: justify;\">Par ailleurs et \u00e0 titre priv\u00e9, plaisancier depuis plus de 25 ans, j&rsquo;ai \u00e9galement d\u00e9velopp\u00e9 une passion pour la voile traditionnelle et la construction navale.<\/p>\n","protected":false},"excerpt":{"rendered":"<p>Il y a trois sortes d&rsquo;hommes : les vivants, les morts, et ceux qui vont sur la mer. (Aristote) Cette citation pr\u00eat\u00e9e \u00e0 Aristote, nous rappelle que le monde maritime est un environnement particulier, peupl\u00e9 par une communaut\u00e9, celle des \u00ab\u00a0gens de mer\u00a0\u00bb, d\u00e9veloppant des usages et des techniques sp\u00e9cifiques, dont la compr\u00e9hension est d\u00e9tenue [&hellip;]<\/p>\n","protected":false},"author":1,"featured_media":0,"parent":0,"menu_order":0,"comment_status":"closed","ping_status":"closed","template":"","meta":{"footnotes":""},"class_list":["post-1509","page","type-page","status-publish","hentry"],"_links":{"self":[{"href":"https:\/\/marinesconseil.fr\/index.php?rest_route=\/wp\/v2\/pages\/1509","targetHints":{"allow":["GET"]}}],"collection":[{"href":"https:\/\/marinesconseil.fr\/index.php?rest_route=\/wp\/v2\/pages"}],"about":[{"href":"https:\/\/marinesconseil.fr\/index.php?rest_route=\/wp\/v2\/types\/page"}],"author":[{"embeddable":true,"href":"https:\/\/marinesconseil.fr\/index.php?rest_route=\/wp\/v2\/users\/1"}],"replies":[{"embeddable":true,"href":"https:\/\/marinesconseil.fr\/index.php?rest_route=%2Fwp%2Fv2%2Fcomments&post=1509"}],"version-history":[{"count":48,"href":"https:\/\/marinesconseil.fr\/index.php?rest_route=\/wp\/v2\/pages\/1509\/revisions"}],"predecessor-version":[{"id":1900,"href":"https:\/\/marinesconseil.fr\/index.php?rest_route=\/wp\/v2\/pages\/1509\/revisions\/1900"}],"wp:attachment":[{"href":"https:\/\/marinesconseil.fr\/index.php?rest_route=%2Fwp%2Fv2%2Fmedia&parent=1509"}],"curies":[{"name":"wp","href":"https:\/\/api.w.org\/{rel}","templated":true}]}}