{"id":1325,"date":"2020-04-26T15:18:36","date_gmt":"2020-04-26T13:18:36","guid":{"rendered":"http:\/\/marinesconseil.fr\/?page_id=1325"},"modified":"2020-04-29T08:07:51","modified_gmt":"2020-04-29T06:07:51","slug":"vendre-son-bateau","status":"publish","type":"page","link":"https:\/\/marinesconseil.fr\/?page_id=1325","title":{"rendered":"Vendre son bateau"},"content":{"rendered":"<h5 style=\"text-align: justify;\"><strong><img loading=\"lazy\" decoding=\"async\" class=\"wp-image-1340 alignleft\" src=\"http:\/\/marinesconseil.fr\/wp-content\/uploads\/2020\/04\/bateau-a-vendre3-300x219.jpeg\" alt=\"\" width=\"247\" height=\"180\" srcset=\"https:\/\/marinesconseil.fr\/wp-content\/uploads\/2020\/04\/bateau-a-vendre3-300x219.jpeg 300w, https:\/\/marinesconseil.fr\/wp-content\/uploads\/2020\/04\/bateau-a-vendre3.jpeg 480w\" sizes=\"auto, (max-width: 247px) 100vw, 247px\" \/><\/strong><em><strong>Marines Conseil<\/strong><\/em> intervient en amont de la vente.<\/h5>\n<h5 style=\"text-align: justify;\">Le rapport d&rsquo;expertise avant vente vous sert \u00e0 fixer le prix de votre navire et contribue \u00e0 \u00e9tablir un climat de confiance avec l&rsquo;acqu\u00e9reur.<\/h5>\n<h6 style=\"text-align: justify;\"><img loading=\"lazy\" decoding=\"async\" class=\" wp-image-807 aligncenter\" src=\"http:\/\/marinesconseil.fr\/wp-content\/uploads\/2020\/04\/image-blanche-300x184.png\" alt=\"\" width=\"34\" height=\"21\" srcset=\"https:\/\/marinesconseil.fr\/wp-content\/uploads\/2020\/04\/image-blanche-300x184.png 300w, https:\/\/marinesconseil.fr\/wp-content\/uploads\/2020\/04\/image-blanche.png 315w\" sizes=\"auto, (max-width: 34px) 100vw, 34px\" \/><\/h6>\n<p style=\"text-align: justify;\">L&rsquo;inspection d\u00e9taill\u00e9e de votre\u00a0 navire, l&rsquo;\u00e9tude des documents r\u00e9glementaires et aff\u00e9rents \u00e0 l&rsquo;entretien, \u00e0 l\u2019\u00e9quipement et \u00e9ventuellement \u00e0 l&rsquo;histoire du navire,\u00a0 ainsi que nos \u00e9changes, permettent de r\u00e9aliser un \u00e9tat des lieux, le plus complet possible, de votre bateau au moment de l&rsquo;expertise.<\/p>\n<p style=\"text-align: justify;\">Nous \u00e9tablissons, en fonction de son \u00e9tat, sa valeur et nous vous proposons, selon le march\u00e9 au moment de l&rsquo;expertise, une gamme de prix raisonnable. Elle n&rsquo;apparait pas dans le rapport d&rsquo;expertise que vous pourrez pr\u00e9senter \u00e0 l&rsquo;acqu\u00e9reur. Vous \u00eates libre de fixer le prix de vente.<\/p>\n<p style=\"text-align: justify;\"><img loading=\"lazy\" decoding=\"async\" class=\"size-full wp-image-1343 alignright\" src=\"http:\/\/marinesconseil.fr\/wp-content\/uploads\/2020\/04\/bateau-a-vendre1.jpeg\" alt=\"\" width=\"262\" height=\"193\" \/><\/p>\n<p style=\"text-align: justify;\">Le rapport d&rsquo;expertise d\u00e9taille l&rsquo;\u00e9tat g\u00e9n\u00e9ral du navire (coque, pont, am\u00e9nagement, moteur, gr\u00e9ement&#8230;) et dresse l&rsquo;\u00e9tat de fonctionnement des \u00e9quipements, le jour de l&rsquo;expertise. La liste des \u00e9quipements non fonctionnels est mentionn\u00e9e dans le rapport, et est pris en compte dans l&rsquo;\u00e9valuation du prix. Il est donc important d&rsquo;avoir v\u00e9rifi\u00e9 ces points (ex: chargement des batteries, &#8230;) avant notre expertise.<\/p>\n<p>\u00c9galement, <em><strong>Marines Conseil<\/strong><\/em> r\u00e9alise, \u00e0 votre demande, les d&rsquo;analyses d&rsquo;huile (moteur, inverseur) et des hydrocarbures. Ces analyses permettent de disposer d&rsquo;un primo-bilan de l&rsquo;\u00e9tat de sant\u00e9 interne du moteur.<\/p>\n<p style=\"text-align: justify;\">Au besoin, <em><strong>Marines Conseil<\/strong><\/em>, peut faire intervenir des professionnels pour r\u00e9gler les \u00e9ventuels dysfonctionnements ou r\u00e9aliser des r\u00e9parations , les frais restant \u00e0\u00a0 la charge du propri\u00e9taire.<\/p>\n<p style=\"text-align: justify;\">Enfin, en aucun cas, <em><strong>Marines Conseil<\/strong><\/em> n&rsquo; intervient dans vos n\u00e9gociations avec l&rsquo;acqu\u00e9reur.<\/p>\n","protected":false},"excerpt":{"rendered":"<p>Marines Conseil intervient en amont de la vente. Le rapport d&rsquo;expertise avant vente vous sert \u00e0 fixer le prix de votre navire et contribue \u00e0 \u00e9tablir un climat de confiance avec l&rsquo;acqu\u00e9reur. L&rsquo;inspection d\u00e9taill\u00e9e de votre\u00a0 navire, l&rsquo;\u00e9tude des documents r\u00e9glementaires et aff\u00e9rents \u00e0 l&rsquo;entretien, \u00e0 l\u2019\u00e9quipement et \u00e9ventuellement \u00e0 l&rsquo;histoire du navire,\u00a0 ainsi que [&hellip;]<\/p>\n","protected":false},"author":1,"featured_media":0,"parent":0,"menu_order":0,"comment_status":"closed","ping_status":"closed","template":"","meta":{"footnotes":""},"class_list":["post-1325","page","type-page","status-publish","hentry"],"_links":{"self":[{"href":"https:\/\/marinesconseil.fr\/index.php?rest_route=\/wp\/v2\/pages\/1325","targetHints":{"allow":["GET"]}}],"collection":[{"href":"https:\/\/marinesconseil.fr\/index.php?rest_route=\/wp\/v2\/pages"}],"about":[{"href":"https:\/\/marinesconseil.fr\/index.php?rest_route=\/wp\/v2\/types\/page"}],"author":[{"embeddable":true,"href":"https:\/\/marinesconseil.fr\/index.php?rest_route=\/wp\/v2\/users\/1"}],"replies":[{"embeddable":true,"href":"https:\/\/marinesconseil.fr\/index.php?rest_route=%2Fwp%2Fv2%2Fcomments&post=1325"}],"version-history":[{"count":19,"href":"https:\/\/marinesconseil.fr\/index.php?rest_route=\/wp\/v2\/pages\/1325\/revisions"}],"predecessor-version":[{"id":1493,"href":"https:\/\/marinesconseil.fr\/index.php?rest_route=\/wp\/v2\/pages\/1325\/revisions\/1493"}],"wp:attachment":[{"href":"https:\/\/marinesconseil.fr\/index.php?rest_route=%2Fwp%2Fv2%2Fmedia&parent=1325"}],"curies":[{"name":"wp","href":"https:\/\/api.w.org\/{rel}","templated":true}]}}