{"id":1239,"date":"2020-04-24T17:33:09","date_gmt":"2020-04-24T15:33:09","guid":{"rendered":"http:\/\/marinesconseil.fr\/?page_id=1239"},"modified":"2020-05-06T16:01:52","modified_gmt":"2020-05-06T14:01:52","slug":"sortie-et-mise-a-leau","status":"publish","type":"page","link":"https:\/\/marinesconseil.fr\/?page_id=1239","title":{"rendered":"Sortie et mise \u00e0 l&rsquo;eau"},"content":{"rendered":"<h5 style=\"text-align: justify;\"><img loading=\"lazy\" decoding=\"async\" class=\"alignleft wp-image-1858\" src=\"http:\/\/marinesconseil.fr\/wp-content\/uploads\/2020\/05\/grutage2.jpeg\" alt=\"\" width=\"245\" height=\"184\" \/>La sortie et mise \u00e0 l&rsquo;eau de votre bateau est une man\u0153uvre, non sans risque, qu&rsquo;il convient de pr\u00e9parer et de surveiller.<\/h5>\n<p>&nbsp;<\/p>\n<p>&nbsp;<\/p>\n<p>&nbsp;<\/p>\n<h6 style=\"text-align: justify;\"><em>Marine Conseil<\/em> vous offre ses services pour vous repr\u00e9senter, pr\u00e9parer et contr\u00f4ler cette intervention<\/h6>\n<p style=\"text-align: justify;\"><img loading=\"lazy\" decoding=\"async\" class=\"size-medium wp-image-1856 alignright\" src=\"http:\/\/marinesconseil.fr\/wp-content\/uploads\/2020\/05\/grutage-300x157.jpg\" alt=\"\" width=\"300\" height=\"157\" srcset=\"https:\/\/marinesconseil.fr\/wp-content\/uploads\/2020\/05\/grutage-300x157.jpg 300w, https:\/\/marinesconseil.fr\/wp-content\/uploads\/2020\/05\/grutage.jpg 539w\" sizes=\"auto, (max-width: 300px) 100vw, 300px\" \/>En nous mandatant, nous vous repr\u00e9sentons sur les phases de pr\u00e9paration et d\u2019ex\u00e9cution de la mise \u00e0 l&rsquo;eau ou au sec sur ber, remorque&#8230;Nous contr\u00f4lons, le travail des op\u00e9rateurs, en particulier celui relatif \u00e0 l&rsquo;\u00e9tanch\u00e9it\u00e9 du navire et les autres prises de dispositions souhait\u00e9es. En cas de probl\u00e8me, nous vous rendons compte imm\u00e9diatement, pour r\u00e9-orienter la man\u0153uvre.<\/p>\n<p>&nbsp;<\/p>\n<p>&nbsp;<\/p>\n<p style=\"text-align: justify;\"><img loading=\"lazy\" decoding=\"async\" class=\"size-medium wp-image-1857 alignleft\" src=\"http:\/\/marinesconseil.fr\/wp-content\/uploads\/2020\/05\/grutage1.jpeg\" alt=\"\" width=\"300\" height=\"168\" \/>Nous consignons nos observations et les photographies de l&rsquo;op\u00e9ration dans un rapport d\u00e9taill\u00e9 qui vous sera remis. Ce rapport, factuel et ind\u00e9pendant, est un document opposable, en cas de litige avec un op\u00e9rateur.<\/p>\n<p>&nbsp;<\/p>\n<p>&nbsp;<\/p>\n<p>&nbsp;<\/p>\n<h5><\/h5>\n","protected":false},"excerpt":{"rendered":"<p>La sortie et mise \u00e0 l&rsquo;eau de votre bateau est une man\u0153uvre, non sans risque, qu&rsquo;il convient de pr\u00e9parer et de surveiller. &nbsp; &nbsp; &nbsp; Marine Conseil vous offre ses services pour vous repr\u00e9senter, pr\u00e9parer et contr\u00f4ler cette intervention En nous mandatant, nous vous repr\u00e9sentons sur les phases de pr\u00e9paration et d\u2019ex\u00e9cution de la mise [&hellip;]<\/p>\n","protected":false},"author":1,"featured_media":0,"parent":0,"menu_order":0,"comment_status":"closed","ping_status":"closed","template":"","meta":{"footnotes":""},"class_list":["post-1239","page","type-page","status-publish","hentry"],"_links":{"self":[{"href":"https:\/\/marinesconseil.fr\/index.php?rest_route=\/wp\/v2\/pages\/1239","targetHints":{"allow":["GET"]}}],"collection":[{"href":"https:\/\/marinesconseil.fr\/index.php?rest_route=\/wp\/v2\/pages"}],"about":[{"href":"https:\/\/marinesconseil.fr\/index.php?rest_route=\/wp\/v2\/types\/page"}],"author":[{"embeddable":true,"href":"https:\/\/marinesconseil.fr\/index.php?rest_route=\/wp\/v2\/users\/1"}],"replies":[{"embeddable":true,"href":"https:\/\/marinesconseil.fr\/index.php?rest_route=%2Fwp%2Fv2%2Fcomments&post=1239"}],"version-history":[{"count":14,"href":"https:\/\/marinesconseil.fr\/index.php?rest_route=\/wp\/v2\/pages\/1239\/revisions"}],"predecessor-version":[{"id":1892,"href":"https:\/\/marinesconseil.fr\/index.php?rest_route=\/wp\/v2\/pages\/1239\/revisions\/1892"}],"wp:attachment":[{"href":"https:\/\/marinesconseil.fr\/index.php?rest_route=%2Fwp%2Fv2%2Fmedia&parent=1239"}],"curies":[{"name":"wp","href":"https:\/\/api.w.org\/{rel}","templated":true}]}}