{"id":1237,"date":"2020-04-24T17:32:35","date_gmt":"2020-04-24T15:32:35","guid":{"rendered":"http:\/\/marinesconseil.fr\/?page_id=1237"},"modified":"2020-05-04T15:58:45","modified_gmt":"2020-05-04T13:58:45","slug":"convoyage-routier","status":"publish","type":"page","link":"https:\/\/marinesconseil.fr\/?page_id=1237","title":{"rendered":"convoyage routier"},"content":{"rendered":"<h5 style=\"text-align: justify;\"><img loading=\"lazy\" decoding=\"async\" class=\" wp-image-1842 alignleft\" src=\"http:\/\/marinesconseil.fr\/wp-content\/uploads\/2020\/05\/convoyage-routier-8-300x225.jpeg\" alt=\"\" width=\"259\" height=\"194\" srcset=\"https:\/\/marinesconseil.fr\/wp-content\/uploads\/2020\/05\/convoyage-routier-8-300x225.jpeg 300w, https:\/\/marinesconseil.fr\/wp-content\/uploads\/2020\/05\/convoyage-routier-8-1024x768.jpeg 1024w, https:\/\/marinesconseil.fr\/wp-content\/uploads\/2020\/05\/convoyage-routier-8-768x576.jpeg 768w, https:\/\/marinesconseil.fr\/wp-content\/uploads\/2020\/05\/convoyage-routier-8-1536x1152.jpeg 1536w, https:\/\/marinesconseil.fr\/wp-content\/uploads\/2020\/05\/convoyage-routier-8-600x450.jpeg 600w, https:\/\/marinesconseil.fr\/wp-content\/uploads\/2020\/05\/convoyage-routier-8.jpeg 2000w\" sizes=\"auto, (max-width: 259px) 100vw, 259px\" \/>Le transport de votre bateau par voie routi\u00e8re est une op\u00e9ration d\u00e9licate qui n\u00e9cessite de s&rsquo;entourer de garanties, au moment de sa pr\u00e9paration, de la mise sur remorque et du d\u00e9chargement.<\/h5>\n<h6><img loading=\"lazy\" decoding=\"async\" class=\"alignnone wp-image-807\" src=\"http:\/\/marinesconseil.fr\/wp-content\/uploads\/2020\/04\/image-blanche-300x184.png\" alt=\"\" width=\"53\" height=\"32\" srcset=\"https:\/\/marinesconseil.fr\/wp-content\/uploads\/2020\/04\/image-blanche-300x184.png 300w, https:\/\/marinesconseil.fr\/wp-content\/uploads\/2020\/04\/image-blanche.png 315w\" sizes=\"auto, (max-width: 53px) 100vw, 53px\" \/><\/h6>\n<h6><\/h6>\n<h6><em>Marines Conseil<\/em> vous accompagne sur cette op\u00e9ration, en vous repr\u00e9sentant et en la contr\u00f4lant.<\/h6>\n<h6><img loading=\"lazy\" decoding=\"async\" class=\" wp-image-1843 alignright\" src=\"http:\/\/marinesconseil.fr\/wp-content\/uploads\/2020\/05\/convoyage-routier-9-300x199.jpeg\" alt=\"\" width=\"326\" height=\"216\" srcset=\"https:\/\/marinesconseil.fr\/wp-content\/uploads\/2020\/05\/convoyage-routier-9-300x199.jpeg 300w, https:\/\/marinesconseil.fr\/wp-content\/uploads\/2020\/05\/convoyage-routier-9-768x509.jpeg 768w, https:\/\/marinesconseil.fr\/wp-content\/uploads\/2020\/05\/convoyage-routier-9-600x398.jpeg 600w, https:\/\/marinesconseil.fr\/wp-content\/uploads\/2020\/05\/convoyage-routier-9.jpeg 950w\" sizes=\"auto, (max-width: 326px) 100vw, 326px\" \/><\/h6>\n<p style=\"text-align: justify;\">En nous mandatant, pour pr\u00e9parer le convoyage routier de votre navire et \u00e9ventuellement le d\u00e9chargement, vous disposez d&rsquo;un conseiller technique, impartial et ind\u00e9pendant, pour contr\u00f4ler au cours de ces \u00e9tapes, la conservation de l&rsquo;int\u00e9grit\u00e9 de votre navire et la bonne ex\u00e9cution des man\u0153uvres.<\/p>\n<p style=\"text-align: justify;\">Toutes les observations r\u00e9alis\u00e9es au cours de ces phases et les copies des documents importants\u00a0 sont consign\u00e9es dans le rapport d&rsquo;expertise qui vous est remis \u00e0 l&rsquo;issue. Ce rapport est\u00a0 un document opposable en cas de litige avec un op\u00e9rateur.<\/p>\n<p>&nbsp;<\/p>\n","protected":false},"excerpt":{"rendered":"<p>Le transport de votre bateau par voie routi\u00e8re est une op\u00e9ration d\u00e9licate qui n\u00e9cessite de s&rsquo;entourer de garanties, au moment de sa pr\u00e9paration, de la mise sur remorque et du d\u00e9chargement. Marines Conseil vous accompagne sur cette op\u00e9ration, en vous repr\u00e9sentant et en la contr\u00f4lant. En nous mandatant, pour pr\u00e9parer le convoyage routier de votre [&hellip;]<\/p>\n","protected":false},"author":1,"featured_media":0,"parent":0,"menu_order":0,"comment_status":"closed","ping_status":"closed","template":"","meta":{"footnotes":""},"class_list":["post-1237","page","type-page","status-publish","hentry"],"_links":{"self":[{"href":"https:\/\/marinesconseil.fr\/index.php?rest_route=\/wp\/v2\/pages\/1237","targetHints":{"allow":["GET"]}}],"collection":[{"href":"https:\/\/marinesconseil.fr\/index.php?rest_route=\/wp\/v2\/pages"}],"about":[{"href":"https:\/\/marinesconseil.fr\/index.php?rest_route=\/wp\/v2\/types\/page"}],"author":[{"embeddable":true,"href":"https:\/\/marinesconseil.fr\/index.php?rest_route=\/wp\/v2\/users\/1"}],"replies":[{"embeddable":true,"href":"https:\/\/marinesconseil.fr\/index.php?rest_route=%2Fwp%2Fv2%2Fcomments&post=1237"}],"version-history":[{"count":14,"href":"https:\/\/marinesconseil.fr\/index.php?rest_route=\/wp\/v2\/pages\/1237\/revisions"}],"predecessor-version":[{"id":1851,"href":"https:\/\/marinesconseil.fr\/index.php?rest_route=\/wp\/v2\/pages\/1237\/revisions\/1851"}],"wp:attachment":[{"href":"https:\/\/marinesconseil.fr\/index.php?rest_route=%2Fwp%2Fv2%2Fmedia&parent=1237"}],"curies":[{"name":"wp","href":"https:\/\/api.w.org\/{rel}","templated":true}]}}